{"id":1072513,"date":"2024-09-09T16:32:00","date_gmt":"2024-09-09T13:32:00","guid":{"rendered":"https:\/\/mmkriepas.lv\/?post_type=product&#038;p=1072513"},"modified":"2026-03-27T14:13:58","modified_gmt":"2026-03-27T12:13:58","slug":"285-40r19-pirelli-p-zero-winter-107v-xl-mo1-dot","status":"publish","type":"product","link":"https:\/\/mmkriepas.lv\/en\/p\/285-40r19-pirelli-p-zero-winter-107v-xl-mo1-dot\/","title":{"rendered":"285\/40R19 Pirelli P ZERO Winter 107V XL MO1 FSL DOT21"},"content":{"rendered":"<p style=\"margin: 12.0pt 0cm 12.0pt 0cm;\"><b><span style=\"font-size: 11.0pt; font-family: 'Arial',sans-serif; color: black;\">Pirelli P ZERO Winter <\/span><\/b><span style=\"white-space: pre-wrap;\"><span style=\"font-size: 11.0pt; font-family: 'Arial',sans-serif; color: black;\">ir augst\u0101k\u0101s kvalit\u0101tes jeb Premium klases vissezonas\/ziemas riepu modelis. Tas izce\u013cas ar izciliem sa\u0137eres. manevr\u0113tsp\u0113jas, komforta un degvielas ekonomijas r\u0101d\u012bt\u0101jiem pla\u0161\u0101 brauk\u0161anas apst\u0101k\u013cu spektr\u0101. Modelis paredz\u0113ts sportisk\u0101m luksus klases vieglaj\u0101m automa\u0161\u012bn\u0101m, elektromobi\u013ciem un apvidus auto jeb SUV. Tas pieejams pla\u0161\u0101 izm\u0113ru kl\u0101st\u0101 no R18, l\u012bdz pat R22. \u0160o modeli nereti standartkomplekt\u0101cij\u0101 iek\u013cauj t\u0101di luksus klases autora\u017eot\u0101ji k\u0101 Porsche, McLaren, Mercedes, Audi, BMW un Alpina.<\/span><\/span><span style=\"font-size: 11.0pt; font-family: 'Arial',sans-serif;\"><o:p><\/o:p><\/span><\/p>\n<h3 style=\"margin: 14.0pt 0cm 4.0pt 0cm;\"><span style=\"white-space: pre-wrap;\"><span style=\"font-size: 11.0pt; font-family: 'Arial',sans-serif; color: black;\">Pirelli P ZERO Winter galven\u0101s iez\u012bmes<\/span><\/span><span style=\"font-size: 11.0pt; font-family: 'Arial',sans-serif;\"><o:p><\/o:p><\/span><\/h3>\n<p style=\"margin: 12.0pt 0cm 12.0pt 0cm;\"><span style=\"white-space: pre-wrap;\"><span style=\"font-size: 11.0pt; font-family: 'Arial',sans-serif; color: black;\">+ Luksus klases autora\u017eot\u0101ju izv\u0113l\u0113tais standartkomplekt\u0101cijas riepu modelis.<\/span><\/span><span style=\"font-size: 11.0pt; font-family: 'Arial',sans-serif;\"><o:p><\/o:p><\/span><\/p>\n<p style=\"margin: 12.0pt 0cm 12.0pt 0cm;\"><span style=\"white-space: pre-wrap;\"><span style=\"font-size: 11.0pt; font-family: 'Arial',sans-serif; color: black;\">+ Izcilas sa\u0137eres un manevr\u0113tsp\u0113jas \u012bpa\u0161\u012bbas gan uz sausa un slapja asfalta, gan snieg\u0101 pat lielos brauk\u0161anas \u0101trumos.<\/span><\/span><span style=\"font-size: 11.0pt; font-family: 'Arial',sans-serif;\"><o:p><\/o:p><\/span><\/p>\n<p style=\"margin: 12.0pt 0cm 12.0pt 0cm;\"><span style=\"white-space: pre-wrap;\"><span style=\"font-size: 11.0pt; font-family: 'Arial',sans-serif; color: black;\">+ Vado\u0161\u0101s riepu giganta Pirelli tehnolo\u0123ijas.<\/span><\/span><span style=\"font-size: 11.0pt; font-family: 'Arial',sans-serif;\"><o:p><\/o:p><\/span><\/p>\n<p style=\"margin: 12.0pt 0cm 12.0pt 0cm;\"><span style=\"white-space: pre-wrap;\"><span style=\"font-size: 11.0pt; font-family: 'Arial',sans-serif; color: black;\">+ Izteikts akustiskais un brauk\u0161anas gaitas komforts.<\/span><\/span><span style=\"font-size: 11.0pt; font-family: 'Arial',sans-serif;\"><o:p><\/o:p><\/span><\/p>\n<p style=\"margin: 12.0pt 0cm 12.0pt 0cm;\"><span style=\"white-space: pre-wrap;\"><span style=\"font-size: 11.0pt; font-family: 'Arial',sans-serif; color: black;\">+ Degvielas ekonomija.<\/span><\/span><span style=\"font-size: 11.0pt; font-family: 'Arial',sans-serif;\"><o:p><\/o:p><\/span><\/p>\n<p style=\"margin: 12.0pt 0cm 12.0pt 0cm;\"><span style=\"white-space: pre-wrap;\"><span style=\"font-size: 11.0pt; font-family: 'Arial',sans-serif; color: black;\">+ Zems akvaplan\u0113\u0161anas risks.<\/span><\/span><span style=\"font-size: 11.0pt; font-family: 'Arial',sans-serif;\"><o:p><\/o:p><\/span><\/p>\n<p style=\"margin: 12.0pt 0cm 12.0pt 0cm;\"><span style=\"white-space: pre-wrap;\"><span style=\"font-size: 11.0pt; font-family: 'Arial',sans-serif; color: black;\">+ Palielin\u0101ta nodilumiztur\u012bba.<\/span><\/span><span style=\"font-size: 11.0pt; font-family: 'Arial',sans-serif;\"><o:p><\/o:p><\/span><\/p>\n<h3 style=\"margin: 14.0pt 0cm 4.0pt 0cm;\"><span style=\"white-space: pre-wrap;\"><span style=\"font-size: 11.0pt; font-family: 'Arial',sans-serif; color: black;\">P ZERO Winter apr\u012bkojums<\/span><\/span><span style=\"font-size: 11.0pt; font-family: 'Arial',sans-serif;\"><o:p><\/o:p><\/span><\/h3>\n<p style=\"margin: 12.0pt 0cm 12.0pt 0cm;\"><span style=\"white-space: pre-wrap;\"><b><span style=\"font-size: 11.0pt; font-family: 'Arial',sans-serif; color: black;\">Pirelli P ZERO Winter <\/span><\/b><\/span><span style=\"white-space: pre-wrap;\"><span style=\"font-size: 11.0pt; font-family: 'Arial',sans-serif; color: black;\">vissezonas\/ziemas jeb M+S riepu modelis apr\u012bkots ar uzlabotu asimetrisko protektora rakstu. \u0160\u0101ds dizains izv\u0113l\u0113ts jo tas sev\u012b apvieno optim\u0101las brauk\u0161anas \u012bpa\u0161\u012bbas gan gada siltajam laikam, gan brauk\u0161anai ziem\u0101.\u00a0<\/span><\/span><span style=\"font-size: 11.0pt; font-family: 'Arial',sans-serif;\"><o:p><\/o:p><\/span><\/p>\n<p style=\"margin: 12.0pt 0cm 12.0pt 0cm;\"><span style=\"white-space: pre-wrap;\"><span style=\"font-size: 11.0pt; font-family: 'Arial',sans-serif; color: black;\">Protektora \u0101rmala izstr\u0101d\u0101ta uzlabotai vilkmei un sa\u012bsin\u0101tam bremz\u0113\u0161anas ce\u013cam snieg\u0101. \u0160\u012b \u0101rmala bru\u0146ota ar palielin\u0101tu iegriezumu jeb 3D lame\u013cu skaitu. T\u0101s, darbojoties l\u012bdz\u012bgi radz\u0113m, ar as\u0101m kantem, savstarp\u0113ji fiks\u0113joties, iec\u0113rtas sabliet\u0113t\u0101 snieg\u0101 un led\u016b, ar slidenajam virsm\u0101m veidojot cie\u0161u sa\u0137eri.\u00a0<\/span><\/span><span style=\"font-size: 11.0pt; font-family: 'Arial',sans-serif;\"><o:p><\/o:p><\/span><\/p>\n<p style=\"margin: 12.0pt 0cm 12.0pt 0cm;\"><span style=\"white-space: pre-wrap;\"><span style=\"font-size: 11.0pt; font-family: 'Arial',sans-serif; color: black;\">Protektora centr\u0101l\u0101 da\u013ca uzlabo stabilit\u0101ti un samazina akvaplan\u0113\u0161anas risku vasar\u0101. Vertik\u0101li izvietotie protektora bloki savstarp\u0113ji form\u0113 divas bl\u012bvas protektora bloku virknes. T\u0101s b\u016btiski uzlabo stabilit\u0101ti un manevr\u0113tsp\u0113ju lielos brauk\u0161anas \u0101trumos, braucot gada siltaj\u0101 laik\u0101. Turkl\u0101t, starp virkn\u0113m izvietota p\u0113c Pirelli tehnolo\u0123ij\u0101m izstr\u0101d\u0101ta dren\u0101\u017eas jeb \u016bdens novadkan\u0101lu sist\u0113ma. T\u0101 \u0101tri un efekt\u012bvi atbr\u012bvo sa\u0137eres punktu ar ce\u013cu no \u016bdens, samazinot akvaplan\u0113\u0161anas risku l\u012bdz minimumam.<\/span><\/span><span style=\"font-size: 11.0pt; font-family: 'Arial',sans-serif;\"><o:p><\/o:p><\/span><\/p>\n<p style=\"margin: 12.0pt 0cm 12.0pt 0cm;\"><span style=\"white-space: pre-wrap;\"><span style=\"font-size: 11.0pt; font-family: 'Arial',sans-serif; color: black;\">Riepas iek\u0161mal\u0101 atrodama plata protektora bloku virkne. T\u0101 uzlabo riepu veiktsp\u0113ju uz sausa ce\u013ca seguma. Samazin\u0101ts lame\u013cu skaits \u0161ajos blokos nodro\u0161ina palielin\u0101tu bloku ciet\u012bbu, uzlabojot manevr\u0113tsp\u0113jas \u012bpa\u0161\u012bbas.\u00a0<\/span><\/span><\/p>\n","protected":false},"excerpt":{"rendered":"<p><b><span style=\"font-size: 11.0pt; font-family: 'Arial',sans-serif; color: black;\">Pirelli P ZERO Winter <\/span><\/b><span style=\"white-space: pre-wrap;\"><span style=\"font-size: 11.0pt; font-family: 'Arial',sans-serif; color: black;\">ir augst\u0101k\u0101s kvalit\u0101tes jeb Premium klases vissezonas\/ziemas riepu modelis. Tas izce\u013cas ar izciliem sa\u0137eres. manevr\u0113tsp\u0113jas, komforta un degvielas ekonomijas r\u0101d\u012bt\u0101jiem pla\u0161\u0101 brauk\u0161anas apst\u0101k\u013cu spektr\u0101. Modelis paredz\u0113ts sportisk\u0101m luksus klases vieglaj\u0101m automa\u0161\u012bn\u0101m, elektromobi\u013ciem un apvidus auto jeb SUV. Tas pieejams pla\u0161\u0101 izm\u0113ru kl\u0101st\u0101 no R18, l\u012bdz pat R22. \u0160o modeli nereti standartkomplekt\u0101cij\u0101 iek\u013cauj t\u0101di luksus klases autora\u017eot\u0101ji k\u0101 Porsche, McLaren, Mercedes, Audi, BMW un Alpina.<\/span><\/span><\/p>\n","protected":false},"featured_media":843587,"template":"","meta":{"_acf_changed":false,"ngg_post_thumbnail":0},"product_brand":[],"product_cat":[47,45],"product_tag":[],"class_list":{"0":"post-1072513","1":"product","2":"type-product","3":"status-publish","4":"has-post-thumbnail","6":"product_cat-vissezonas-riepas","7":"product_cat-ziemas-riepas","9":"first","10":"instock","11":"sale","12":"taxable","13":"shipping-taxable","14":"purchasable","15":"product-type-simple"},"acf":[],"yoast_head":"<!-- This site is optimized with the Yoast SEO Premium plugin v22.6 (Yoast SEO v27.3) - https:\/\/yoast.com\/product\/yoast-seo-premium-wordpress\/ -->\n<title>285\/40R19 Pirelli P ZERO Winter 107V XL MO1 FSL DOT21 &#8226; MMK Riepas<\/title>\n<meta name=\"robots\" content=\"index, follow, max-snippet:-1, max-image-preview:large, max-video-preview:-1\" \/>\n<link rel=\"canonical\" href=\"https:\/\/mmkriepas.lv\/en\/p\/285-40r19-pirelli-p-zero-winter-107v-xl-mo1-dot\/\" \/>\n<meta property=\"og:locale\" content=\"en_US\" \/>\n<meta property=\"og:type\" content=\"article\" \/>\n<meta property=\"og:title\" content=\"285\/40R19 Pirelli P ZERO Winter 107V XL MO1 FSL DOT21\" \/>\n<meta property=\"og:description\" content=\"Pirelli P ZERO Winter ir augst\u0101k\u0101s kvalit\u0101tes jeb Premium klases vissezonas\/ziemas riepu modelis. Tas izce\u013cas ar izciliem sa\u0137eres. manevr\u0113tsp\u0113jas, komforta un degvielas ekonomijas r\u0101d\u012bt\u0101jiem pla\u0161\u0101 brauk\u0161anas apst\u0101k\u013cu spektr\u0101. Modelis paredz\u0113ts sportisk\u0101m luksus klases vieglaj\u0101m automa\u0161\u012bn\u0101m, elektromobi\u013ciem un apvidus auto jeb SUV. Tas pieejams pla\u0161\u0101 izm\u0113ru kl\u0101st\u0101 no R18, l\u012bdz pat R22. \u0160o modeli nereti standartkomplekt\u0101cij\u0101 iek\u013cauj t\u0101di luksus klases autora\u017eot\u0101ji k\u0101 Porsche, McLaren, Mercedes, Audi, BMW un Alpina.\" \/>\n<meta property=\"og:url\" content=\"https:\/\/mmkriepas.lv\/en\/p\/285-40r19-pirelli-p-zero-winter-107v-xl-mo1-dot\/\" \/>\n<meta property=\"og:site_name\" content=\"MMK Riepas\" \/>\n<meta property=\"article:publisher\" content=\"https:\/\/www.facebook.com\/mmkserviss\/\" \/>\n<meta property=\"article:modified_time\" content=\"2026-03-27T12:13:58+00:00\" \/>\n<meta property=\"og:image\" content=\"https:\/\/mmkriepas.lv\/wp-content\/uploads\/2024\/01\/28540r20-pirelli-p-zero-winter-108v-xl-nf0-elect-fsl-ziemas-riepas.jpg\" \/>\n\t<meta property=\"og:image:width\" content=\"1920\" \/>\n\t<meta property=\"og:image:height\" content=\"1920\" \/>\n\t<meta property=\"og:image:type\" content=\"image\/jpeg\" \/>\n<meta name=\"twitter:card\" content=\"summary_large_image\" \/>\n<meta name=\"twitter:label1\" content=\"Price\" \/>\n\t<meta name=\"twitter:data1\" content=\"&euro;261.00\" \/>\n\t<meta name=\"twitter:label2\" content=\"Availability\" \/>\n\t<meta name=\"twitter:data2\" content=\"In stock\" \/>\n<script type=\"application\/ld+json\" class=\"yoast-schema-graph\">{\"@context\":\"https:\\\/\\\/schema.org\",\"@graph\":[{\"@type\":\"WebPage\",\"@id\":\"https:\\\/\\\/mmkriepas.lv\\\/en\\\/p\\\/285-40r19-pirelli-p-zero-winter-107v-xl-mo1-dot\\\/\",\"url\":\"https:\\\/\\\/mmkriepas.lv\\\/en\\\/p\\\/285-40r19-pirelli-p-zero-winter-107v-xl-mo1-dot\\\/\",\"name\":\"285\\\/40R19 Pirelli P ZERO Winter 107V XL MO1 FSL DOT21 &#8226; MMK Riepas\",\"isPartOf\":{\"@id\":\"https:\\\/\\\/mmkriepas.lv\\\/en\\\/#website\"},\"primaryImageOfPage\":{\"@id\":\"https:\\\/\\\/mmkriepas.lv\\\/en\\\/p\\\/285-40r19-pirelli-p-zero-winter-107v-xl-mo1-dot\\\/#primaryimage\"},\"image\":{\"@id\":\"https:\\\/\\\/mmkriepas.lv\\\/en\\\/p\\\/285-40r19-pirelli-p-zero-winter-107v-xl-mo1-dot\\\/#primaryimage\"},\"thumbnailUrl\":\"https:\\\/\\\/mmkriepas.lv\\\/wp-content\\\/uploads\\\/2024\\\/01\\\/28540r20-pirelli-p-zero-winter-108v-xl-nf0-elect-fsl-ziemas-riepas.jpg\",\"datePublished\":\"2024-09-09T13:32:00+00:00\",\"dateModified\":\"2026-03-27T12:13:58+00:00\",\"breadcrumb\":{\"@id\":\"https:\\\/\\\/mmkriepas.lv\\\/en\\\/p\\\/285-40r19-pirelli-p-zero-winter-107v-xl-mo1-dot\\\/#breadcrumb\"},\"inLanguage\":\"en-US\",\"potentialAction\":[{\"@type\":\"ReadAction\",\"target\":[\"https:\\\/\\\/mmkriepas.lv\\\/en\\\/p\\\/285-40r19-pirelli-p-zero-winter-107v-xl-mo1-dot\\\/\"]}]},{\"@type\":\"ImageObject\",\"inLanguage\":\"en-US\",\"@id\":\"https:\\\/\\\/mmkriepas.lv\\\/en\\\/p\\\/285-40r19-pirelli-p-zero-winter-107v-xl-mo1-dot\\\/#primaryimage\",\"url\":\"https:\\\/\\\/mmkriepas.lv\\\/wp-content\\\/uploads\\\/2024\\\/01\\\/28540r20-pirelli-p-zero-winter-108v-xl-nf0-elect-fsl-ziemas-riepas.jpg\",\"contentUrl\":\"https:\\\/\\\/mmkriepas.lv\\\/wp-content\\\/uploads\\\/2024\\\/01\\\/28540r20-pirelli-p-zero-winter-108v-xl-nf0-elect-fsl-ziemas-riepas.jpg\",\"width\":1920,\"height\":1920,\"caption\":\"MAIN\"},{\"@type\":\"BreadcrumbList\",\"@id\":\"https:\\\/\\\/mmkriepas.lv\\\/en\\\/p\\\/285-40r19-pirelli-p-zero-winter-107v-xl-mo1-dot\\\/#breadcrumb\",\"itemListElement\":[{\"@type\":\"ListItem\",\"position\":1,\"name\":\"S\u0101kums\",\"item\":\"https:\\\/\\\/mmkriepas.lv\\\/en\\\/\"},{\"@type\":\"ListItem\",\"position\":2,\"name\":\"285\\\/40R19 Pirelli P ZERO Winter 107V XL MO1 FSL DOT21\"}]},{\"@type\":\"WebSite\",\"@id\":\"https:\\\/\\\/mmkriepas.lv\\\/en\\\/#website\",\"url\":\"https:\\\/\\\/mmkriepas.lv\\\/en\\\/\",\"name\":\"MMK Riepas\",\"description\":\"MMK Riepas\",\"alternateName\":\"MMK Riepu Serviss\",\"potentialAction\":[{\"@type\":\"SearchAction\",\"target\":{\"@type\":\"EntryPoint\",\"urlTemplate\":\"https:\\\/\\\/mmkriepas.lv\\\/en\\\/?s={search_term_string}\"},\"query-input\":{\"@type\":\"PropertyValueSpecification\",\"valueRequired\":true,\"valueName\":\"search_term_string\"}}],\"inLanguage\":\"en-US\"},{\"@type\":\"ImageObject\",\"inLanguage\":\"en-US\",\"@id\":\"https:\\\/\\\/mmkriepas.lv\\\/en\\\/p\\\/285-40r19-pirelli-p-zero-winter-107v-xl-mo1-dot\\\/#local-main-organization-logo\",\"url\":\"\",\"contentUrl\":\"\",\"caption\":\"MMK Riepas\"}]}<\/script>\n<meta property=\"product:brand\" content=\"Pirelli P ZERO Winter\" \/>\n<meta property=\"product:price:amount\" content=\"261.00\" \/>\n<meta property=\"product:price:currency\" content=\"EUR\" \/>\n<meta property=\"og:availability\" content=\"instock\" \/>\n<meta property=\"product:availability\" content=\"instock\" \/>\n<meta property=\"product:retailer_item_id\" content=\"TW2854019PIREL-L39954\" \/>\n<meta property=\"product:condition\" content=\"new\" \/>\n<!-- \/ Yoast SEO Premium plugin. -->","yoast_head_json":{"title":"285\/40R19 Pirelli P ZERO Winter 107V XL MO1 FSL DOT21 &#8226; MMK Riepas","robots":{"index":"index","follow":"follow","max-snippet":"max-snippet:-1","max-image-preview":"max-image-preview:large","max-video-preview":"max-video-preview:-1"},"canonical":"https:\/\/mmkriepas.lv\/en\/p\/285-40r19-pirelli-p-zero-winter-107v-xl-mo1-dot\/","og_locale":"en_US","og_type":"article","og_title":"285\/40R19 Pirelli P ZERO Winter 107V XL MO1 FSL DOT21","og_description":"Pirelli P ZERO Winter ir augst\u0101k\u0101s kvalit\u0101tes jeb Premium klases vissezonas\/ziemas riepu modelis. Tas izce\u013cas ar izciliem sa\u0137eres. manevr\u0113tsp\u0113jas, komforta un degvielas ekonomijas r\u0101d\u012bt\u0101jiem pla\u0161\u0101 brauk\u0161anas apst\u0101k\u013cu spektr\u0101. Modelis paredz\u0113ts sportisk\u0101m luksus klases vieglaj\u0101m automa\u0161\u012bn\u0101m, elektromobi\u013ciem un apvidus auto jeb SUV. Tas pieejams pla\u0161\u0101 izm\u0113ru kl\u0101st\u0101 no R18, l\u012bdz pat R22. \u0160o modeli nereti standartkomplekt\u0101cij\u0101 iek\u013cauj t\u0101di luksus klases autora\u017eot\u0101ji k\u0101 Porsche, McLaren, Mercedes, Audi, BMW un Alpina.","og_url":"https:\/\/mmkriepas.lv\/en\/p\/285-40r19-pirelli-p-zero-winter-107v-xl-mo1-dot\/","og_site_name":"MMK Riepas","article_publisher":"https:\/\/www.facebook.com\/mmkserviss\/","article_modified_time":"2026-03-27T12:13:58+00:00","og_image":[{"width":1920,"height":1920,"url":"https:\/\/mmkriepas.lv\/wp-content\/uploads\/2024\/01\/28540r20-pirelli-p-zero-winter-108v-xl-nf0-elect-fsl-ziemas-riepas.jpg","type":"image\/jpeg"}],"twitter_card":"summary_large_image","twitter_misc":{"Price":"&euro;261.00","Availability":"In stock"},"schema":{"@context":"https:\/\/schema.org","@graph":[{"@type":"WebPage","@id":"https:\/\/mmkriepas.lv\/en\/p\/285-40r19-pirelli-p-zero-winter-107v-xl-mo1-dot\/","url":"https:\/\/mmkriepas.lv\/en\/p\/285-40r19-pirelli-p-zero-winter-107v-xl-mo1-dot\/","name":"285\/40R19 Pirelli P ZERO Winter 107V XL MO1 FSL DOT21 &#8226; MMK Riepas","isPartOf":{"@id":"https:\/\/mmkriepas.lv\/en\/#website"},"primaryImageOfPage":{"@id":"https:\/\/mmkriepas.lv\/en\/p\/285-40r19-pirelli-p-zero-winter-107v-xl-mo1-dot\/#primaryimage"},"image":{"@id":"https:\/\/mmkriepas.lv\/en\/p\/285-40r19-pirelli-p-zero-winter-107v-xl-mo1-dot\/#primaryimage"},"thumbnailUrl":"https:\/\/mmkriepas.lv\/wp-content\/uploads\/2024\/01\/28540r20-pirelli-p-zero-winter-108v-xl-nf0-elect-fsl-ziemas-riepas.jpg","datePublished":"2024-09-09T13:32:00+00:00","dateModified":"2026-03-27T12:13:58+00:00","breadcrumb":{"@id":"https:\/\/mmkriepas.lv\/en\/p\/285-40r19-pirelli-p-zero-winter-107v-xl-mo1-dot\/#breadcrumb"},"inLanguage":"en-US","potentialAction":[{"@type":"ReadAction","target":["https:\/\/mmkriepas.lv\/en\/p\/285-40r19-pirelli-p-zero-winter-107v-xl-mo1-dot\/"]}]},{"@type":"ImageObject","inLanguage":"en-US","@id":"https:\/\/mmkriepas.lv\/en\/p\/285-40r19-pirelli-p-zero-winter-107v-xl-mo1-dot\/#primaryimage","url":"https:\/\/mmkriepas.lv\/wp-content\/uploads\/2024\/01\/28540r20-pirelli-p-zero-winter-108v-xl-nf0-elect-fsl-ziemas-riepas.jpg","contentUrl":"https:\/\/mmkriepas.lv\/wp-content\/uploads\/2024\/01\/28540r20-pirelli-p-zero-winter-108v-xl-nf0-elect-fsl-ziemas-riepas.jpg","width":1920,"height":1920,"caption":"MAIN"},{"@type":"BreadcrumbList","@id":"https:\/\/mmkriepas.lv\/en\/p\/285-40r19-pirelli-p-zero-winter-107v-xl-mo1-dot\/#breadcrumb","itemListElement":[{"@type":"ListItem","position":1,"name":"S\u0101kums","item":"https:\/\/mmkriepas.lv\/en\/"},{"@type":"ListItem","position":2,"name":"285\/40R19 Pirelli P ZERO Winter 107V XL MO1 FSL DOT21"}]},{"@type":"WebSite","@id":"https:\/\/mmkriepas.lv\/en\/#website","url":"https:\/\/mmkriepas.lv\/en\/","name":"MMK Riepas","description":"MMK Riepas","alternateName":"MMK Riepu Serviss","potentialAction":[{"@type":"SearchAction","target":{"@type":"EntryPoint","urlTemplate":"https:\/\/mmkriepas.lv\/en\/?s={search_term_string}"},"query-input":{"@type":"PropertyValueSpecification","valueRequired":true,"valueName":"search_term_string"}}],"inLanguage":"en-US"},{"@type":"ImageObject","inLanguage":"en-US","@id":"https:\/\/mmkriepas.lv\/en\/p\/285-40r19-pirelli-p-zero-winter-107v-xl-mo1-dot\/#local-main-organization-logo","url":"","contentUrl":"","caption":"MMK Riepas"}]},"product_brand":"Pirelli P ZERO Winter","product_price_amount":"261.00","product_price_currency":"EUR","og_availability":"instock","product_availability":"instock","product_retailer_item_id":"TW2854019PIREL-L39954","product_condition":"new"},"_links":{"self":[{"href":"https:\/\/mmkriepas.lv\/en\/wp-json\/wp\/v2\/product\/1072513","targetHints":{"allow":["GET"]}}],"collection":[{"href":"https:\/\/mmkriepas.lv\/en\/wp-json\/wp\/v2\/product"}],"about":[{"href":"https:\/\/mmkriepas.lv\/en\/wp-json\/wp\/v2\/types\/product"}],"wp:featuredmedia":[{"embeddable":true,"href":"https:\/\/mmkriepas.lv\/en\/wp-json\/wp\/v2\/media\/843587"}],"wp:attachment":[{"href":"https:\/\/mmkriepas.lv\/en\/wp-json\/wp\/v2\/media?parent=1072513"}],"wp:term":[{"taxonomy":"product_brand","embeddable":true,"href":"https:\/\/mmkriepas.lv\/en\/wp-json\/wp\/v2\/product_brand?post=1072513"},{"taxonomy":"product_cat","embeddable":true,"href":"https:\/\/mmkriepas.lv\/en\/wp-json\/wp\/v2\/product_cat?post=1072513"},{"taxonomy":"product_tag","embeddable":true,"href":"https:\/\/mmkriepas.lv\/en\/wp-json\/wp\/v2\/product_tag?post=1072513"}],"curies":[{"name":"wp","href":"https:\/\/api.w.org\/{rel}","templated":true}]}}