{"id":1072331,"date":"2024-09-09T16:21:06","date_gmt":"2024-09-09T13:21:06","guid":{"rendered":"https:\/\/mmkriepas.lv\/?post_type=product&#038;p=1072331"},"modified":"2025-05-22T22:36:37","modified_gmt":"2025-05-22T19:36:37","slug":"255-50r19-pirelli-scorpion-verde-103y-n0-dot","status":"publish","type":"product","link":"https:\/\/mmkriepas.lv\/en\/p\/255-50r19-pirelli-scorpion-verde-103y-n0-dot\/","title":{"rendered":"255\/50R19 Pirelli SCORPION Verde 103Y N0 FSL DOT21"},"content":{"rendered":"<p><strong>Pirelli SCORPION Verde &#8211; <\/strong>premium klases vasaras riepu modelis, kas paredz\u0113ts krosoveriem un SUV automa\u0161\u012bn\u0101m. Izce\u013cas ar izciliem sa\u0137eres r\u0101d\u012bt\u0101jiem, nodilumiztur\u012bbu un brauk\u0161anas komfortu un dro\u0161\u012bbu uz visiem ce\u013ca segumiem.<\/p>\n<h3>SCORPION Verde galven\u0101s \u012bpa\u0161\u012bbas<\/h3>\n<p>+ Izcila sa\u0137ere gan ar sausu, gan slapju asfaltu, k\u0101 ar\u012b samazin\u0101ts akvaplan\u0113\u0161anas risks.<\/p>\n<p>+ Samazin\u0101ts degvielas pat\u0113ri\u0146\u0161, pateicoties \u012bpa\u0161ai riepas konstrukcijai.<\/p>\n<p>+ Palielin\u0101ta nodilumiztur\u012bba<\/p>\n<p>+ Uzlabota stabilit\u0101te pat liel\u0101kaj\u0101m SUV automa\u0161\u012bn\u0101m.<\/p>\n<p>+ Akustiskais komforts.<\/p>\n<h3>SCORPION Verde apr\u012bkojums<\/h3>\n<p><strong>\u00a0<\/strong><\/p>\n<p><strong>Pirelli SCORPION Verde <\/strong>modelis ir rad\u012bts, lai izmantotu liel\u0101ko da\u013cu jaun\u0101ko Pirelli pied\u0101v\u0101to materi\u0101lu, konstrukciju un protektora mode\u013cu priek\u0161roc\u012bbas. Zem\u0101 rites pretest\u012bba un samazin\u0101tais svars nodro\u0161ina zem\u0101ku degvielas pat\u0113ri\u0146u un CO2 izme\u0161us, t\u0101d\u0113j\u0101di apvienojot ietaup\u012bjumus, vides saudz\u0113\u0161anu, komfortu un dro\u0161\u012bbu uz visiem ce\u013ca segumiem.<\/p>\n<p><strong>SCORPION Verde <\/strong>konstrukcijai izmantoti atviegloti, bet iztur\u012bgi sint\u0113tiskie materi\u0101li, padarot riepu viegl\u0101ku un likumsakar\u012bgi &#8211; samazinot rites pretest\u012bbu un degvielas pat\u0113ri\u0146u. Savuk\u0101rt, riepu gumijas sast\u0101vs papildin\u0101ts ar elastrom\u0113riem, kas \u013cauj saglab\u0101t sa\u0137eres \u012bpa\u0161\u012bbas pat intens\u012bvos ekspluat\u0101cijas apst\u0101k\u013cos. Starp asimetriski izvietotaj\u0101m protektora josl\u0101m iestr\u0101d\u0101ta ar jaun\u0101kaj\u0101m tehnolo\u0123ij\u0101m bru\u0146ota dren\u0101\u017eas kan\u0101lu sist\u0113ma. T\u0101 lieliski izvada \u016bdeni no riepu kontakta virsmas ar ce\u013cu, b\u016btiski samazinot akvaplan\u0113\u0161anas risku.<\/p>\n","protected":false},"excerpt":{"rendered":"<p><b><span style=\"font-size: 11.0pt; font-family: 'Arial',sans-serif; color: black;\">Pirelli SCORPION Verde &#8211; <\/span><\/b><span style=\"font-size: 11.0pt; font-family: 'Arial',sans-serif; color: black;\">premium klases vasaras riepu modelis, kas paredz\u0113ts krosoveriem un SUV automa\u0161\u012bn\u0101m. Izce\u013cas ar izciliem sa\u0137eres r\u0101d\u012bt\u0101jiem, nodilumiztur\u012bbu un brauk\u0161anas <\/span><span style=\"font-family: 'Arial',sans-serif;\">komfortu un dro\u0161\u012bbu uz visiem ce\u013ca segumiem.<\/span><\/p>\n","protected":false},"featured_media":870756,"template":"","meta":{"_acf_changed":false,"ngg_post_thumbnail":0},"product_brand":[],"product_cat":[46],"product_tag":[],"class_list":{"0":"post-1072331","1":"product","2":"type-product","3":"status-publish","4":"has-post-thumbnail","6":"product_cat-vasaras-riepas","8":"first","9":"instock","10":"taxable","11":"shipping-taxable","12":"product-type-simple"},"acf":[],"yoast_head":"<!-- This site is optimized with the Yoast SEO Premium plugin v22.6 (Yoast SEO v27.3) - https:\/\/yoast.com\/product\/yoast-seo-premium-wordpress\/ -->\n<title>255\/50R19 Pirelli SCORPION Verde 103Y N0 FSL DOT21 &#8226; MMK Riepas<\/title>\n<meta name=\"robots\" content=\"index, follow, max-snippet:-1, max-image-preview:large, max-video-preview:-1\" \/>\n<link rel=\"canonical\" href=\"https:\/\/mmkriepas.lv\/en\/p\/255-50r19-pirelli-scorpion-verde-103y-n0-dot\/\" \/>\n<meta property=\"og:locale\" content=\"en_US\" \/>\n<meta property=\"og:type\" content=\"article\" \/>\n<meta property=\"og:title\" content=\"255\/50R19 Pirelli SCORPION Verde 103Y N0 FSL DOT21\" \/>\n<meta property=\"og:description\" content=\"Pirelli SCORPION Verde - premium klases vasaras riepu modelis, kas paredz\u0113ts krosoveriem un SUV automa\u0161\u012bn\u0101m. Izce\u013cas ar izciliem sa\u0137eres r\u0101d\u012bt\u0101jiem, nodilumiztur\u012bbu un brauk\u0161anas komfortu un dro\u0161\u012bbu uz visiem ce\u013ca segumiem.\" \/>\n<meta property=\"og:url\" content=\"https:\/\/mmkriepas.lv\/en\/p\/255-50r19-pirelli-scorpion-verde-103y-n0-dot\/\" \/>\n<meta property=\"og:site_name\" content=\"MMK Riepas\" \/>\n<meta property=\"article:publisher\" content=\"https:\/\/www.facebook.com\/mmkserviss\/\" \/>\n<meta property=\"article:modified_time\" content=\"2025-05-22T19:36:37+00:00\" \/>\n<meta property=\"og:image\" content=\"https:\/\/mmkriepas.lv\/wp-content\/uploads\/2024\/03\/25550r19-pirelli-scorpion-verde-103v-mo-fsl-dot20-vasaras-riepas.jpg\" \/>\n\t<meta property=\"og:image:width\" content=\"893\" \/>\n\t<meta property=\"og:image:height\" content=\"673\" \/>\n\t<meta property=\"og:image:type\" content=\"image\/jpeg\" \/>\n<meta name=\"twitter:card\" content=\"summary_large_image\" \/>\n<meta name=\"twitter:label1\" content=\"Price\" \/>\n\t<meta name=\"twitter:data1\" content=\"&euro;161.00\" \/>\n\t<meta name=\"twitter:label2\" content=\"Availability\" \/>\n\t<meta name=\"twitter:data2\" content=\"In stock\" \/>\n<script type=\"application\/ld+json\" class=\"yoast-schema-graph\">{\"@context\":\"https:\\\/\\\/schema.org\",\"@graph\":[{\"@type\":\"WebPage\",\"@id\":\"https:\\\/\\\/mmkriepas.lv\\\/en\\\/p\\\/255-50r19-pirelli-scorpion-verde-103y-n0-dot\\\/\",\"url\":\"https:\\\/\\\/mmkriepas.lv\\\/en\\\/p\\\/255-50r19-pirelli-scorpion-verde-103y-n0-dot\\\/\",\"name\":\"255\\\/50R19 Pirelli SCORPION Verde 103Y N0 FSL DOT21 &#8226; MMK Riepas\",\"isPartOf\":{\"@id\":\"https:\\\/\\\/mmkriepas.lv\\\/en\\\/#website\"},\"primaryImageOfPage\":{\"@id\":\"https:\\\/\\\/mmkriepas.lv\\\/en\\\/p\\\/255-50r19-pirelli-scorpion-verde-103y-n0-dot\\\/#primaryimage\"},\"image\":{\"@id\":\"https:\\\/\\\/mmkriepas.lv\\\/en\\\/p\\\/255-50r19-pirelli-scorpion-verde-103y-n0-dot\\\/#primaryimage\"},\"thumbnailUrl\":\"https:\\\/\\\/mmkriepas.lv\\\/wp-content\\\/uploads\\\/2024\\\/03\\\/25550r19-pirelli-scorpion-verde-103v-mo-fsl-dot20-vasaras-riepas.jpg\",\"datePublished\":\"2024-09-09T13:21:06+00:00\",\"dateModified\":\"2025-05-22T19:36:37+00:00\",\"breadcrumb\":{\"@id\":\"https:\\\/\\\/mmkriepas.lv\\\/en\\\/p\\\/255-50r19-pirelli-scorpion-verde-103y-n0-dot\\\/#breadcrumb\"},\"inLanguage\":\"en-US\",\"potentialAction\":[{\"@type\":\"ReadAction\",\"target\":[\"https:\\\/\\\/mmkriepas.lv\\\/en\\\/p\\\/255-50r19-pirelli-scorpion-verde-103y-n0-dot\\\/\"]}]},{\"@type\":\"ImageObject\",\"inLanguage\":\"en-US\",\"@id\":\"https:\\\/\\\/mmkriepas.lv\\\/en\\\/p\\\/255-50r19-pirelli-scorpion-verde-103y-n0-dot\\\/#primaryimage\",\"url\":\"https:\\\/\\\/mmkriepas.lv\\\/wp-content\\\/uploads\\\/2024\\\/03\\\/25550r19-pirelli-scorpion-verde-103v-mo-fsl-dot20-vasaras-riepas.jpg\",\"contentUrl\":\"https:\\\/\\\/mmkriepas.lv\\\/wp-content\\\/uploads\\\/2024\\\/03\\\/25550r19-pirelli-scorpion-verde-103v-mo-fsl-dot20-vasaras-riepas.jpg\",\"width\":893,\"height\":673,\"caption\":\"Pirelli vasaras riepas Scorpion Verde MMK\"},{\"@type\":\"BreadcrumbList\",\"@id\":\"https:\\\/\\\/mmkriepas.lv\\\/en\\\/p\\\/255-50r19-pirelli-scorpion-verde-103y-n0-dot\\\/#breadcrumb\",\"itemListElement\":[{\"@type\":\"ListItem\",\"position\":1,\"name\":\"S\u0101kums\",\"item\":\"https:\\\/\\\/mmkriepas.lv\\\/en\\\/\"},{\"@type\":\"ListItem\",\"position\":2,\"name\":\"255\\\/50R19 Pirelli SCORPION Verde 103Y N0 FSL DOT21\"}]},{\"@type\":\"WebSite\",\"@id\":\"https:\\\/\\\/mmkriepas.lv\\\/en\\\/#website\",\"url\":\"https:\\\/\\\/mmkriepas.lv\\\/en\\\/\",\"name\":\"MMK Riepas\",\"description\":\"MMK Riepas\",\"alternateName\":\"MMK Riepu Serviss\",\"potentialAction\":[{\"@type\":\"SearchAction\",\"target\":{\"@type\":\"EntryPoint\",\"urlTemplate\":\"https:\\\/\\\/mmkriepas.lv\\\/en\\\/?s={search_term_string}\"},\"query-input\":{\"@type\":\"PropertyValueSpecification\",\"valueRequired\":true,\"valueName\":\"search_term_string\"}}],\"inLanguage\":\"en-US\"},{\"@type\":\"ImageObject\",\"inLanguage\":\"en-US\",\"@id\":\"https:\\\/\\\/mmkriepas.lv\\\/en\\\/p\\\/255-50r19-pirelli-scorpion-verde-103y-n0-dot\\\/#local-main-organization-logo\",\"url\":\"\",\"contentUrl\":\"\",\"caption\":\"MMK Riepas\"}]}<\/script>\n<meta property=\"product:brand\" content=\"Pirelli SCORPION Verde\" \/>\n<meta property=\"product:price:amount\" content=\"161.00\" \/>\n<meta property=\"product:price:currency\" content=\"EUR\" \/>\n<meta property=\"og:availability\" content=\"instock\" \/>\n<meta property=\"product:availability\" content=\"instock\" \/>\n<meta property=\"product:retailer_item_id\" content=\"TS2555019PIREL-L39894\" \/>\n<meta property=\"product:condition\" content=\"new\" \/>\n<!-- \/ Yoast SEO Premium plugin. -->","yoast_head_json":{"title":"255\/50R19 Pirelli SCORPION Verde 103Y N0 FSL DOT21 &#8226; MMK Riepas","robots":{"index":"index","follow":"follow","max-snippet":"max-snippet:-1","max-image-preview":"max-image-preview:large","max-video-preview":"max-video-preview:-1"},"canonical":"https:\/\/mmkriepas.lv\/en\/p\/255-50r19-pirelli-scorpion-verde-103y-n0-dot\/","og_locale":"en_US","og_type":"article","og_title":"255\/50R19 Pirelli SCORPION Verde 103Y N0 FSL DOT21","og_description":"Pirelli SCORPION Verde - premium klases vasaras riepu modelis, kas paredz\u0113ts krosoveriem un SUV automa\u0161\u012bn\u0101m. Izce\u013cas ar izciliem sa\u0137eres r\u0101d\u012bt\u0101jiem, nodilumiztur\u012bbu un brauk\u0161anas komfortu un dro\u0161\u012bbu uz visiem ce\u013ca segumiem.","og_url":"https:\/\/mmkriepas.lv\/en\/p\/255-50r19-pirelli-scorpion-verde-103y-n0-dot\/","og_site_name":"MMK Riepas","article_publisher":"https:\/\/www.facebook.com\/mmkserviss\/","article_modified_time":"2025-05-22T19:36:37+00:00","og_image":[{"width":893,"height":673,"url":"https:\/\/mmkriepas.lv\/wp-content\/uploads\/2024\/03\/25550r19-pirelli-scorpion-verde-103v-mo-fsl-dot20-vasaras-riepas.jpg","type":"image\/jpeg"}],"twitter_card":"summary_large_image","twitter_misc":{"Price":"&euro;161.00","Availability":"In stock"},"schema":{"@context":"https:\/\/schema.org","@graph":[{"@type":"WebPage","@id":"https:\/\/mmkriepas.lv\/en\/p\/255-50r19-pirelli-scorpion-verde-103y-n0-dot\/","url":"https:\/\/mmkriepas.lv\/en\/p\/255-50r19-pirelli-scorpion-verde-103y-n0-dot\/","name":"255\/50R19 Pirelli SCORPION Verde 103Y N0 FSL DOT21 &#8226; MMK Riepas","isPartOf":{"@id":"https:\/\/mmkriepas.lv\/en\/#website"},"primaryImageOfPage":{"@id":"https:\/\/mmkriepas.lv\/en\/p\/255-50r19-pirelli-scorpion-verde-103y-n0-dot\/#primaryimage"},"image":{"@id":"https:\/\/mmkriepas.lv\/en\/p\/255-50r19-pirelli-scorpion-verde-103y-n0-dot\/#primaryimage"},"thumbnailUrl":"https:\/\/mmkriepas.lv\/wp-content\/uploads\/2024\/03\/25550r19-pirelli-scorpion-verde-103v-mo-fsl-dot20-vasaras-riepas.jpg","datePublished":"2024-09-09T13:21:06+00:00","dateModified":"2025-05-22T19:36:37+00:00","breadcrumb":{"@id":"https:\/\/mmkriepas.lv\/en\/p\/255-50r19-pirelli-scorpion-verde-103y-n0-dot\/#breadcrumb"},"inLanguage":"en-US","potentialAction":[{"@type":"ReadAction","target":["https:\/\/mmkriepas.lv\/en\/p\/255-50r19-pirelli-scorpion-verde-103y-n0-dot\/"]}]},{"@type":"ImageObject","inLanguage":"en-US","@id":"https:\/\/mmkriepas.lv\/en\/p\/255-50r19-pirelli-scorpion-verde-103y-n0-dot\/#primaryimage","url":"https:\/\/mmkriepas.lv\/wp-content\/uploads\/2024\/03\/25550r19-pirelli-scorpion-verde-103v-mo-fsl-dot20-vasaras-riepas.jpg","contentUrl":"https:\/\/mmkriepas.lv\/wp-content\/uploads\/2024\/03\/25550r19-pirelli-scorpion-verde-103v-mo-fsl-dot20-vasaras-riepas.jpg","width":893,"height":673,"caption":"Pirelli vasaras riepas Scorpion Verde MMK"},{"@type":"BreadcrumbList","@id":"https:\/\/mmkriepas.lv\/en\/p\/255-50r19-pirelli-scorpion-verde-103y-n0-dot\/#breadcrumb","itemListElement":[{"@type":"ListItem","position":1,"name":"S\u0101kums","item":"https:\/\/mmkriepas.lv\/en\/"},{"@type":"ListItem","position":2,"name":"255\/50R19 Pirelli SCORPION Verde 103Y N0 FSL DOT21"}]},{"@type":"WebSite","@id":"https:\/\/mmkriepas.lv\/en\/#website","url":"https:\/\/mmkriepas.lv\/en\/","name":"MMK Riepas","description":"MMK Riepas","alternateName":"MMK Riepu Serviss","potentialAction":[{"@type":"SearchAction","target":{"@type":"EntryPoint","urlTemplate":"https:\/\/mmkriepas.lv\/en\/?s={search_term_string}"},"query-input":{"@type":"PropertyValueSpecification","valueRequired":true,"valueName":"search_term_string"}}],"inLanguage":"en-US"},{"@type":"ImageObject","inLanguage":"en-US","@id":"https:\/\/mmkriepas.lv\/en\/p\/255-50r19-pirelli-scorpion-verde-103y-n0-dot\/#local-main-organization-logo","url":"","contentUrl":"","caption":"MMK Riepas"}]},"product_brand":"Pirelli SCORPION Verde","product_price_amount":"161.00","product_price_currency":"EUR","og_availability":"instock","product_availability":"instock","product_retailer_item_id":"TS2555019PIREL-L39894","product_condition":"new"},"_links":{"self":[{"href":"https:\/\/mmkriepas.lv\/en\/wp-json\/wp\/v2\/product\/1072331","targetHints":{"allow":["GET"]}}],"collection":[{"href":"https:\/\/mmkriepas.lv\/en\/wp-json\/wp\/v2\/product"}],"about":[{"href":"https:\/\/mmkriepas.lv\/en\/wp-json\/wp\/v2\/types\/product"}],"wp:featuredmedia":[{"embeddable":true,"href":"https:\/\/mmkriepas.lv\/en\/wp-json\/wp\/v2\/media\/870756"}],"wp:attachment":[{"href":"https:\/\/mmkriepas.lv\/en\/wp-json\/wp\/v2\/media?parent=1072331"}],"wp:term":[{"taxonomy":"product_brand","embeddable":true,"href":"https:\/\/mmkriepas.lv\/en\/wp-json\/wp\/v2\/product_brand?post=1072331"},{"taxonomy":"product_cat","embeddable":true,"href":"https:\/\/mmkriepas.lv\/en\/wp-json\/wp\/v2\/product_cat?post=1072331"},{"taxonomy":"product_tag","embeddable":true,"href":"https:\/\/mmkriepas.lv\/en\/wp-json\/wp\/v2\/product_tag?post=1072331"}],"curies":[{"name":"wp","href":"https:\/\/api.w.org\/{rel}","templated":true}]}}