{"id":1070330,"date":"2024-09-03T14:52:29","date_gmt":"2024-09-03T11:52:29","guid":{"rendered":"https:\/\/mmkriepas.lv\/?post_type=product&#038;p=1070330"},"modified":"2025-05-10T11:10:41","modified_gmt":"2025-05-10T08:10:41","slug":"205-60r16-maxtrek-trek-m7-plus-96h-xl","status":"publish","type":"product","link":"https:\/\/mmkriepas.lv\/en\/p\/205-60r16-maxtrek-trek-m7-plus-96h-xl\/","title":{"rendered":"205\/60R16 Maxtrek Trek M7 PLUS 96H XL"},"content":{"rendered":"<p><span style=\"font-family: Times New Roman, serif;\"><span style=\"font-size: medium;\"><span style=\"color: #000000;\"><span style=\"font-family: Arial, serif;\"><span style=\"font-size: small;\"><b>Maxtrek Trek M7 Plus <\/b><\/span><\/span><\/span><span style=\"color: #000000;\"><span style=\"font-family: Arial, serif;\"><span style=\"font-size: small;\">ir labs Skandin\u0101vijas tipa jeb m\u012bkst\u0101 sast\u0101va ziemas riepu modelis. Izce\u013cas ar optim\u0101lu veiktsp\u0113ju gan skarbos ziemas apst\u0101k\u013cos, gan pils\u0113tas \u2018\u2019\u0161\u013cur\u0101\u201d. Pla\u0161ie \u016bdens novadkan\u0101li pal\u012bdz samazin\u0101t ar\u012b akvaplan\u0113\u0161anas risku, braucot pa \u0161oseju. Turkl\u0101t, asimetriskais protektora dizains, braucienu padara klusu un komfortablu.<\/span><\/span><\/span><\/span><\/span><\/p>\n<h3 class=\"western\"><span style=\"color: #000000;\"><span style=\"font-family: Arial, serif;\"><span style=\"font-size: medium;\">Trek M7 Plus galven\u0101s iez\u012bmes<\/span><\/span><\/span><\/h3>\n<p><span style=\"font-family: Times New Roman, serif;\"><span style=\"font-size: medium;\"><span style=\"color: #000000;\"><span style=\"font-family: Arial, serif;\"><span style=\"font-size: small;\">+ Laba sa\u0137ere gan ar sniegu, gan apledoju\u0161\u0101m ce\u013ca virsm\u0101m.<\/span><\/span><\/span><\/span><\/span><\/p>\n<p><span style=\"font-family: Times New Roman, serif;\"><span style=\"font-size: medium;\"><span style=\"color: #000000;\"><span style=\"font-family: Arial, serif;\"><span style=\"font-size: small;\">+ Laba manevr\u0113tsp\u0113ja, pateicoties as\u0101m s\u0101nu kant\u0113m.<\/span><\/span><\/span><\/span><\/span><\/p>\n<p><span style=\"font-family: Times New Roman, serif;\"><span style=\"font-size: medium;\"><span style=\"color: #000000;\"><span style=\"font-family: Arial, serif;\"><span style=\"font-size: small;\">+ Izteikts akustiskais komforts, pateicoties asimetriskam protektora rakstam.<\/span><\/span><\/span><\/span><\/span><\/p>\n<p><span style=\"font-family: Times New Roman, serif;\"><span style=\"font-size: medium;\"><span style=\"color: #000000;\"><span style=\"font-family: Arial, serif;\"><span style=\"font-size: small;\">+ Kvalit\u0101te atbilst cenai.<\/span><\/span><\/span><\/span><\/span><\/p>\n<h3 class=\"western\"><span style=\"color: #000000;\"><span style=\"font-family: Arial, serif;\"><span style=\"font-size: medium;\">Trek M7 Plus apr\u012bkojums<\/span><\/span><\/span><\/h3>\n<p><span style=\"font-family: Times New Roman, serif;\"><span style=\"font-size: medium;\"><span style=\"color: #000000;\"><span style=\"font-family: Arial, serif;\"><span style=\"font-size: small;\"><b>Maxtrek Trek M7 Plus <\/b><\/span><\/span><\/span><span style=\"color: #000000;\"><span style=\"font-family: Arial, serif;\"><span style=\"font-size: small;\">ziemas riepas apr\u012bkotas ar m\u012bksta sast\u0101va asimetrisko protektora rakstu. \u0160\u0101ds gumijas sast\u0101va un protektora tipa tand\u0113ms padara \u0161o riepu modeli piem\u0113rotu tiem Latvijas autobrauc\u0113jiem, kas ziem\u0101 p\u0101rvietojas pa pils\u0113tu un valsts ma\u0123istr\u0101lajiem autoce\u013ciem.<\/span><\/span><\/span><\/span><\/span><\/p>\n<p><span style=\"font-family: Times New Roman, serif;\"><span style=\"font-size: medium;\"><span style=\"color: #000000;\"><span style=\"font-family: Arial, serif;\"><span style=\"font-size: small;\">Veiktsp\u0113ju pils\u0113t\u0101, saskarsm\u0113 ar sniega putru, nodro\u0161ina pla\u0161i izvadkan\u0101li. Tie b\u016btiski uzlabo sa\u0137eri, lieko sniegu un \u016bdeni izvadot no riepu kontakta virsmas ar ce\u013cu. Savuk\u0101rt c\u012b\u0146\u0101 ar apledojumiem, pal\u012bdz\u0113s t\u016bksto\u0161iem lame\u013cu, kuras ir bl\u012bvi iestr\u0101d\u0101tas riepas asimetriski izvietotajos protektora blokos.\u00a0<\/span><\/span><\/span><\/span><\/span><\/p>\n<p><span style=\"font-family: Times New Roman, serif;\"><span style=\"font-size: medium;\"><span style=\"color: #000000;\"><span style=\"font-family: Arial, serif;\"><span style=\"font-size: small;\">Jau iepriek\u0161 min\u0113tie, pla\u0161ie \u016bdens novadkan\u0101li pal\u012bdz samazin\u0101t ar\u012b akvaplan\u0113\u0161anas risku, braucot pa \u0161oseju. Turkl\u0101t, asimetriskais protektora dizains, braucienu padara klusu un komfortablu.<\/span><\/span><\/span><\/span><\/span><\/p>\n","protected":false},"excerpt":{"rendered":"<p><span style=\"font-family: Times New Roman, serif;\"><span style=\"font-size: medium;\"><span style=\"color: #000000;\"><span style=\"font-family: Arial, serif;\"><span style=\"font-size: small;\"><b>Maxtrek Trek M7 Plus <\/b><\/span><\/span><\/span><span style=\"color: #000000;\"><span style=\"font-family: Arial, serif;\"><span style=\"font-size: small;\">ir labs Skandin\u0101vijas tipa jeb m\u012bkst\u0101 sast\u0101va ziemas riepu modelis. Izce\u013cas ar optim\u0101lu veiktsp\u0113ju gan skarbos ziemas apst\u0101k\u013cos, gan pils\u0113tas \u2018\u2019\u0161\u013cur\u0101\u201d. Pla\u0161ie \u016bdens novadkan\u0101li pal\u012bdz samazin\u0101t ar\u012b akvaplan\u0113\u0161anas risku, braucot pa \u0161oseju. Turkl\u0101t, asimetriskais protektora dizains, braucienu padara klusu un komfortablu.<\/span><\/span><\/span><\/span><\/span><\/p>\n","protected":false},"featured_media":853212,"template":"","meta":{"_acf_changed":false,"ngg_post_thumbnail":0},"product_brand":[],"product_cat":[47,45],"product_tag":[],"class_list":{"0":"post-1070330","1":"product","2":"type-product","3":"status-publish","4":"has-post-thumbnail","6":"product_cat-vissezonas-riepas","7":"product_cat-ziemas-riepas","9":"first","10":"outofstock","11":"sale","12":"taxable","13":"shipping-taxable","14":"product-type-simple"},"acf":[],"yoast_head":"<!-- This site is optimized with the Yoast SEO Premium plugin v22.6 (Yoast SEO v27.3) - https:\/\/yoast.com\/product\/yoast-seo-premium-wordpress\/ -->\n<title>205\/60R16 Maxtrek Trek M7 PLUS 96H XL &#8226; MMK Riepas<\/title>\n<meta name=\"robots\" content=\"index, follow, max-snippet:-1, max-image-preview:large, max-video-preview:-1\" \/>\n<link rel=\"canonical\" href=\"https:\/\/mmkriepas.lv\/en\/p\/205-60r16-maxtrek-trek-m7-plus-96h-xl\/\" \/>\n<meta property=\"og:locale\" content=\"en_US\" \/>\n<meta property=\"og:type\" content=\"article\" \/>\n<meta property=\"og:title\" content=\"205\/60R16 Maxtrek Trek M7 PLUS 96H XL\" \/>\n<meta property=\"og:description\" content=\"Maxtrek Trek M7 Plus ir labs Skandin\u0101vijas tipa jeb m\u012bkst\u0101 sast\u0101va ziemas riepu modelis. Izce\u013cas ar optim\u0101lu veiktsp\u0113ju gan skarbos ziemas apst\u0101k\u013cos, gan pils\u0113tas \u2018\u2019\u0161\u013cur\u0101\u201d. Pla\u0161ie \u016bdens novadkan\u0101li pal\u012bdz samazin\u0101t ar\u012b akvaplan\u0113\u0161anas risku, braucot pa \u0161oseju. Turkl\u0101t, asimetriskais protektora dizains, braucienu padara klusu un komfortablu.\" \/>\n<meta property=\"og:url\" content=\"https:\/\/mmkriepas.lv\/en\/p\/205-60r16-maxtrek-trek-m7-plus-96h-xl\/\" \/>\n<meta property=\"og:site_name\" content=\"MMK Riepas\" \/>\n<meta property=\"article:publisher\" content=\"https:\/\/www.facebook.com\/mmkserviss\/\" \/>\n<meta property=\"article:modified_time\" content=\"2025-05-10T08:10:41+00:00\" \/>\n<meta property=\"og:image\" content=\"https:\/\/mmkriepas.lv\/wp-content\/uploads\/2024\/02\/21555r17-maxtrek-trek-m7-plus-98h-xl-ziemas-riepas.jpg\" \/>\n\t<meta property=\"og:image:width\" content=\"1920\" \/>\n\t<meta property=\"og:image:height\" content=\"1440\" \/>\n\t<meta property=\"og:image:type\" content=\"image\/jpeg\" \/>\n<meta name=\"twitter:card\" content=\"summary_large_image\" \/>\n<meta name=\"twitter:label1\" content=\"Price\" \/>\n\t<meta name=\"twitter:data1\" content=\"&euro;49.00\" \/>\n\t<meta name=\"twitter:label2\" content=\"Availability\" \/>\n\t<meta name=\"twitter:data2\" content=\"Out of stock\" \/>\n<script type=\"application\/ld+json\" class=\"yoast-schema-graph\">{\"@context\":\"https:\\\/\\\/schema.org\",\"@graph\":[{\"@type\":\"WebPage\",\"@id\":\"https:\\\/\\\/mmkriepas.lv\\\/en\\\/p\\\/205-60r16-maxtrek-trek-m7-plus-96h-xl\\\/\",\"url\":\"https:\\\/\\\/mmkriepas.lv\\\/en\\\/p\\\/205-60r16-maxtrek-trek-m7-plus-96h-xl\\\/\",\"name\":\"205\\\/60R16 Maxtrek Trek M7 PLUS 96H XL &#8226; MMK Riepas\",\"isPartOf\":{\"@id\":\"https:\\\/\\\/mmkriepas.lv\\\/en\\\/#website\"},\"primaryImageOfPage\":{\"@id\":\"https:\\\/\\\/mmkriepas.lv\\\/en\\\/p\\\/205-60r16-maxtrek-trek-m7-plus-96h-xl\\\/#primaryimage\"},\"image\":{\"@id\":\"https:\\\/\\\/mmkriepas.lv\\\/en\\\/p\\\/205-60r16-maxtrek-trek-m7-plus-96h-xl\\\/#primaryimage\"},\"thumbnailUrl\":\"https:\\\/\\\/mmkriepas.lv\\\/wp-content\\\/uploads\\\/2024\\\/02\\\/21555r17-maxtrek-trek-m7-plus-98h-xl-ziemas-riepas.jpg\",\"datePublished\":\"2024-09-03T11:52:29+00:00\",\"dateModified\":\"2025-05-10T08:10:41+00:00\",\"breadcrumb\":{\"@id\":\"https:\\\/\\\/mmkriepas.lv\\\/en\\\/p\\\/205-60r16-maxtrek-trek-m7-plus-96h-xl\\\/#breadcrumb\"},\"inLanguage\":\"en-US\",\"potentialAction\":[{\"@type\":\"ReadAction\",\"target\":[\"https:\\\/\\\/mmkriepas.lv\\\/en\\\/p\\\/205-60r16-maxtrek-trek-m7-plus-96h-xl\\\/\"]}]},{\"@type\":\"ImageObject\",\"inLanguage\":\"en-US\",\"@id\":\"https:\\\/\\\/mmkriepas.lv\\\/en\\\/p\\\/205-60r16-maxtrek-trek-m7-plus-96h-xl\\\/#primaryimage\",\"url\":\"https:\\\/\\\/mmkriepas.lv\\\/wp-content\\\/uploads\\\/2024\\\/02\\\/21555r17-maxtrek-trek-m7-plus-98h-xl-ziemas-riepas.jpg\",\"contentUrl\":\"https:\\\/\\\/mmkriepas.lv\\\/wp-content\\\/uploads\\\/2024\\\/02\\\/21555r17-maxtrek-trek-m7-plus-98h-xl-ziemas-riepas.jpg\",\"width\":1920,\"height\":1440,\"caption\":\"MAIN\"},{\"@type\":\"BreadcrumbList\",\"@id\":\"https:\\\/\\\/mmkriepas.lv\\\/en\\\/p\\\/205-60r16-maxtrek-trek-m7-plus-96h-xl\\\/#breadcrumb\",\"itemListElement\":[{\"@type\":\"ListItem\",\"position\":1,\"name\":\"S\u0101kums\",\"item\":\"https:\\\/\\\/mmkriepas.lv\\\/en\\\/\"},{\"@type\":\"ListItem\",\"position\":2,\"name\":\"205\\\/60R16 Maxtrek Trek M7 PLUS 96H XL\"}]},{\"@type\":\"WebSite\",\"@id\":\"https:\\\/\\\/mmkriepas.lv\\\/en\\\/#website\",\"url\":\"https:\\\/\\\/mmkriepas.lv\\\/en\\\/\",\"name\":\"MMK Riepas\",\"description\":\"MMK Riepas\",\"alternateName\":\"MMK Riepu Serviss\",\"potentialAction\":[{\"@type\":\"SearchAction\",\"target\":{\"@type\":\"EntryPoint\",\"urlTemplate\":\"https:\\\/\\\/mmkriepas.lv\\\/en\\\/?s={search_term_string}\"},\"query-input\":{\"@type\":\"PropertyValueSpecification\",\"valueRequired\":true,\"valueName\":\"search_term_string\"}}],\"inLanguage\":\"en-US\"},{\"@type\":\"ImageObject\",\"inLanguage\":\"en-US\",\"@id\":\"https:\\\/\\\/mmkriepas.lv\\\/en\\\/p\\\/205-60r16-maxtrek-trek-m7-plus-96h-xl\\\/#local-main-organization-logo\",\"url\":\"\",\"contentUrl\":\"\",\"caption\":\"MMK Riepas\"}]}<\/script>\n<meta property=\"product:brand\" content=\"Maxtrek Trek M7 PLUS\" \/>\n<meta property=\"product:price:amount\" content=\"49.00\" \/>\n<meta property=\"product:price:currency\" content=\"EUR\" \/>\n<meta property=\"og:availability\" content=\"out of stock\" \/>\n<meta property=\"product:availability\" content=\"out of stock\" \/>\n<meta property=\"product:retailer_item_id\" content=\"TW2056016MAXTR-39702\" \/>\n<meta property=\"product:condition\" content=\"new\" \/>\n<!-- \/ Yoast SEO Premium plugin. -->","yoast_head_json":{"title":"205\/60R16 Maxtrek Trek M7 PLUS 96H XL &#8226; MMK Riepas","robots":{"index":"index","follow":"follow","max-snippet":"max-snippet:-1","max-image-preview":"max-image-preview:large","max-video-preview":"max-video-preview:-1"},"canonical":"https:\/\/mmkriepas.lv\/en\/p\/205-60r16-maxtrek-trek-m7-plus-96h-xl\/","og_locale":"en_US","og_type":"article","og_title":"205\/60R16 Maxtrek Trek M7 PLUS 96H XL","og_description":"Maxtrek Trek M7 Plus ir labs Skandin\u0101vijas tipa jeb m\u012bkst\u0101 sast\u0101va ziemas riepu modelis. Izce\u013cas ar optim\u0101lu veiktsp\u0113ju gan skarbos ziemas apst\u0101k\u013cos, gan pils\u0113tas \u2018\u2019\u0161\u013cur\u0101\u201d. Pla\u0161ie \u016bdens novadkan\u0101li pal\u012bdz samazin\u0101t ar\u012b akvaplan\u0113\u0161anas risku, braucot pa \u0161oseju. Turkl\u0101t, asimetriskais protektora dizains, braucienu padara klusu un komfortablu.","og_url":"https:\/\/mmkriepas.lv\/en\/p\/205-60r16-maxtrek-trek-m7-plus-96h-xl\/","og_site_name":"MMK Riepas","article_publisher":"https:\/\/www.facebook.com\/mmkserviss\/","article_modified_time":"2025-05-10T08:10:41+00:00","og_image":[{"width":1920,"height":1440,"url":"https:\/\/mmkriepas.lv\/wp-content\/uploads\/2024\/02\/21555r17-maxtrek-trek-m7-plus-98h-xl-ziemas-riepas.jpg","type":"image\/jpeg"}],"twitter_card":"summary_large_image","twitter_misc":{"Price":"&euro;49.00","Availability":"Out of stock"},"schema":{"@context":"https:\/\/schema.org","@graph":[{"@type":"WebPage","@id":"https:\/\/mmkriepas.lv\/en\/p\/205-60r16-maxtrek-trek-m7-plus-96h-xl\/","url":"https:\/\/mmkriepas.lv\/en\/p\/205-60r16-maxtrek-trek-m7-plus-96h-xl\/","name":"205\/60R16 Maxtrek Trek M7 PLUS 96H XL &#8226; MMK Riepas","isPartOf":{"@id":"https:\/\/mmkriepas.lv\/en\/#website"},"primaryImageOfPage":{"@id":"https:\/\/mmkriepas.lv\/en\/p\/205-60r16-maxtrek-trek-m7-plus-96h-xl\/#primaryimage"},"image":{"@id":"https:\/\/mmkriepas.lv\/en\/p\/205-60r16-maxtrek-trek-m7-plus-96h-xl\/#primaryimage"},"thumbnailUrl":"https:\/\/mmkriepas.lv\/wp-content\/uploads\/2024\/02\/21555r17-maxtrek-trek-m7-plus-98h-xl-ziemas-riepas.jpg","datePublished":"2024-09-03T11:52:29+00:00","dateModified":"2025-05-10T08:10:41+00:00","breadcrumb":{"@id":"https:\/\/mmkriepas.lv\/en\/p\/205-60r16-maxtrek-trek-m7-plus-96h-xl\/#breadcrumb"},"inLanguage":"en-US","potentialAction":[{"@type":"ReadAction","target":["https:\/\/mmkriepas.lv\/en\/p\/205-60r16-maxtrek-trek-m7-plus-96h-xl\/"]}]},{"@type":"ImageObject","inLanguage":"en-US","@id":"https:\/\/mmkriepas.lv\/en\/p\/205-60r16-maxtrek-trek-m7-plus-96h-xl\/#primaryimage","url":"https:\/\/mmkriepas.lv\/wp-content\/uploads\/2024\/02\/21555r17-maxtrek-trek-m7-plus-98h-xl-ziemas-riepas.jpg","contentUrl":"https:\/\/mmkriepas.lv\/wp-content\/uploads\/2024\/02\/21555r17-maxtrek-trek-m7-plus-98h-xl-ziemas-riepas.jpg","width":1920,"height":1440,"caption":"MAIN"},{"@type":"BreadcrumbList","@id":"https:\/\/mmkriepas.lv\/en\/p\/205-60r16-maxtrek-trek-m7-plus-96h-xl\/#breadcrumb","itemListElement":[{"@type":"ListItem","position":1,"name":"S\u0101kums","item":"https:\/\/mmkriepas.lv\/en\/"},{"@type":"ListItem","position":2,"name":"205\/60R16 Maxtrek Trek M7 PLUS 96H XL"}]},{"@type":"WebSite","@id":"https:\/\/mmkriepas.lv\/en\/#website","url":"https:\/\/mmkriepas.lv\/en\/","name":"MMK Riepas","description":"MMK Riepas","alternateName":"MMK Riepu Serviss","potentialAction":[{"@type":"SearchAction","target":{"@type":"EntryPoint","urlTemplate":"https:\/\/mmkriepas.lv\/en\/?s={search_term_string}"},"query-input":{"@type":"PropertyValueSpecification","valueRequired":true,"valueName":"search_term_string"}}],"inLanguage":"en-US"},{"@type":"ImageObject","inLanguage":"en-US","@id":"https:\/\/mmkriepas.lv\/en\/p\/205-60r16-maxtrek-trek-m7-plus-96h-xl\/#local-main-organization-logo","url":"","contentUrl":"","caption":"MMK Riepas"}]},"product_brand":"Maxtrek Trek M7 PLUS","product_price_amount":"49.00","product_price_currency":"EUR","og_availability":"out of stock","product_availability":"out of stock","product_retailer_item_id":"TW2056016MAXTR-39702","product_condition":"new"},"_links":{"self":[{"href":"https:\/\/mmkriepas.lv\/en\/wp-json\/wp\/v2\/product\/1070330","targetHints":{"allow":["GET"]}}],"collection":[{"href":"https:\/\/mmkriepas.lv\/en\/wp-json\/wp\/v2\/product"}],"about":[{"href":"https:\/\/mmkriepas.lv\/en\/wp-json\/wp\/v2\/types\/product"}],"wp:featuredmedia":[{"embeddable":true,"href":"https:\/\/mmkriepas.lv\/en\/wp-json\/wp\/v2\/media\/853212"}],"wp:attachment":[{"href":"https:\/\/mmkriepas.lv\/en\/wp-json\/wp\/v2\/media?parent=1070330"}],"wp:term":[{"taxonomy":"product_brand","embeddable":true,"href":"https:\/\/mmkriepas.lv\/en\/wp-json\/wp\/v2\/product_brand?post=1070330"},{"taxonomy":"product_cat","embeddable":true,"href":"https:\/\/mmkriepas.lv\/en\/wp-json\/wp\/v2\/product_cat?post=1070330"},{"taxonomy":"product_tag","embeddable":true,"href":"https:\/\/mmkriepas.lv\/en\/wp-json\/wp\/v2\/product_tag?post=1070330"}],"curies":[{"name":"wp","href":"https:\/\/api.w.org\/{rel}","templated":true}]}}