{"id":1069207,"date":"2024-08-30T13:37:23","date_gmt":"2024-08-30T10:37:23","guid":{"rendered":"https:\/\/mmkriepas.lv\/?post_type=product&#038;p=1069207"},"modified":"2026-03-30T16:29:41","modified_gmt":"2026-03-30T13:29:41","slug":"245-70r16-triangle-snowlink-pl02-111h-xl-3","status":"publish","type":"product","link":"https:\/\/mmkriepas.lv\/en\/p\/245-70r16-triangle-snowlink-pl02-111h-xl-3\/","title":{"rendered":"245\/70R16 Triangle SnowLink PL02 111H XL"},"content":{"rendered":"<p style=\"margin: 12.0pt 0cm 12.0pt 0cm;\"><b><span style=\"font-size: 11.0pt; font-family: 'Arial',sans-serif; color: black;\">Triangle SnowLink PL02<\/span><\/b><span style=\"font-size: 11.0pt; font-family: 'Arial',sans-serif; color: black;\"> ir paredz\u0113ta liel\u0101kajai da\u013cai vieglo automa\u0161\u012bnu. Riepas ir mar\u0137\u0113tas ar augstiem \u0101truma indeksiem &#8211;<b> H<\/b> un <b>V<\/b>, kas \u013cauj riepas izmantot ar\u012b uz Eiropas automa\u0123istr\u0101l\u0113m jeb autob\u0101\u0146iem. \u0160o modeli ra\u017eo diametros &#8211; <b>R17 &#8211; R20<\/b>, kas no m\u0113r\u0137auditorijas izsl\u0113dz pa\u0161us maz\u0101kos vieglo auto klases p\u0101rst\u0101vjus. \u0145emot v\u0113r\u0101 faktu, ka \u0161is ir bezrad\u017eu modelis, in\u017eenieri r\u016bp\u012bgi piestr\u0101d\u0101ju\u0161i pie sa\u0137eres \u012bpa\u0161\u012bb\u0101m uz ledus. Papildus sa\u0137eres \u012bpa\u0161\u012bb\u0101m, \u0161\u012b mode\u013ca stipr\u0101s puses ir augsts akustisk\u0101 komforta l\u012bmenis, uzticam\u012bba un ilgs kalpo\u0161anas laiks.<\/span><o:p><\/o:p><\/p>\n<h3 style=\"margin: 14.0pt 0cm 4.0pt 0cm;\"><span style=\"font-size: 13.0pt; font-family: 'Arial',sans-serif; color: black;\">Triangle SnowLink PL02 galven\u0101s \u012bpa\u0161\u012bbas<\/span><o:p><\/o:p><\/h3>\n<p style=\"margin: 12.0pt 0cm 12.0pt 0cm;\"><span style=\"font-size: 11.0pt; font-family: 'Arial',sans-serif; color: black;\">+ Augsts lame\u013cu iegriezumu bl\u012bvums. Vair\u0101ku veidu \u0161\u0101du elementu izmanto\u0161ana un to daudzveid\u012bgais izvietojums uzlabo sa\u0137eri ar ledu, pie\u0161\u0137irot tam labu vad\u0101m\u012bbu;<\/span><o:p><\/o:p><\/p>\n<p style=\"margin: 12.0pt 0cm 12.0pt 0cm;\"><span style=\"font-size: 11.0pt; font-family: 'Arial',sans-serif; color: black;\">+ Dren\u0101\u017eas rievas izstr\u0101d\u0101tas zigzagveid\u0101, tas palielina stabilit\u0101ti braucot pa net\u012br\u012btiem sniegotiem ce\u013ciem;<\/span><o:p><\/o:p><\/p>\n<p style=\"margin: 12.0pt 0cm 12.0pt 0cm;\"><span style=\"font-size: 11.0pt; font-family: 'Arial',sans-serif; color: black;\">+ Plati plecu bloki uzlabo sa\u0137eri snieg\u0101 taisnvirziena kust\u012bbas laik\u0101 un nov\u0113r\u0161 s\u0101nsl\u012bdi un pie\u0161\u0137ir lielisku precizit\u0101ti uz st\u016bres manevriem.<\/span><o:p><\/o:p><\/p>\n<p style=\"margin: 12.0pt 0cm 12.0pt 0cm;\"><b><span style=\"font-size: 11.0pt; font-family: 'Arial',sans-serif; color: black;\">+ Kvalit\u0101te atbilst cenai!<\/span><\/b><o:p><\/o:p><\/p>\n<h3 style=\"margin: 14.0pt 0cm 4.0pt 0cm;\"><span style=\"font-size: 13.0pt; font-family: 'Arial',sans-serif; color: black;\">Bl\u012bvs lame\u013cu izvietojums<\/span><o:p><\/o:p><\/h3>\n<p style=\"margin: 12.0pt 0cm 12.0pt 0cm;\"><span style=\"font-size: 11.0pt; font-family: 'Arial',sans-serif; color: black;\">Viens no riepas raksturlielumiem ir bie\u017eais lame\u013cu izvietojums. \u0100zijas riepu\u00a0 ra\u017eot\u0101ji izmantoju\u0161i vair\u0101kus t\u016bksto\u0161us \u0161auru iegriezumu protektor\u0101. Katram no tiem ir vi\u013c\u0146iem l\u012bdz\u012bga forma, kas ne\u013cauj protektora blokiem ar laiku deform\u0113ties. \u0160is risin\u0101jums ne tikai \u013c\u0101va uzlabot sa\u0137eri ar piebliet\u0113tu sniegu un ledu, bet ar\u012b uzlaboja brauk\u0161anas vienm\u0113r\u012bgumu.<\/span><o:p><\/o:p><\/p>\n<h3 style=\"margin: 14.0pt 0cm 4.0pt 0cm;\"><span style=\"font-size: 13.0pt; font-family: 'Arial',sans-serif; color: black;\">Novadkan\u0101li, kas izvietoti r\u0101v\u0113jsl\u0113dz\u0113ja princip\u0101<\/span><o:p><\/o:p><\/h3>\n<p style=\"margin: 12.0pt 0cm 12.0pt 0cm;\"><span style=\"font-size: 11.0pt; font-family: 'Arial',sans-serif; color: black;\">Asimetrisk\u0101 protektora centr\u0101laj\u0101 da\u013c\u0101 ir izvietotas dren\u0101\u017eas rievas, kas veido r\u0101v\u0113jsl\u0113dz\u0113ja principu. \u0160ie elementi pilda \u016bdens, sniega un citu nokri\u0161\u0146u izvad\u012b\u0161anas funkciju no kontakta laukuma. \u0160\u0101ds risin\u0101jums uzlabo virziena stabilit\u0101ti, braucot pa net\u012briem ce\u013ciem.<\/span><o:p><\/o:p><\/p>\n<h3 style=\"margin: 14.0pt 0cm 4.0pt 0cm;\"><span style=\"font-size: 13.0pt; font-family: 'Arial',sans-serif; color: black;\">Plecu bloki dizain\u0113ti trapeces form\u0101<\/span><o:p><\/o:p><\/h3>\n<p style=\"margin: 12.0pt 0cm 12.0pt 0cm;\"><span style=\"font-size: 11.0pt; font-family: 'Arial',sans-serif; color: black;\">Abas protektora plecu zonas veido mas\u012bvi bloki. S\u0101nu projekcij\u0101 tiem ir trapecveida forma, kas paliek plat\u0101ka virzien\u0101 uz pamatni. Tas veicina bloku\u00a0 stabilit\u0101ti, kas pak\u013cauti centrb\u0113dzes sp\u0113ku ietekmei. Rezult\u0101t\u0101 riepa saglab\u0101 sa\u0137eri ar\u012b p\u0113c ilg\u0101kas riepas ekspluat\u0101cijas.<\/span><\/p>\n","protected":false},"excerpt":{"rendered":"<p><b><span style=\"font-size: 11.0pt; font-family: 'Arial',sans-serif; color: black;\">Triangle SnowLink PL02<\/span><\/b><span style=\"font-size: 11.0pt; font-family: 'Arial',sans-serif; color: black;\"> ir paredz\u0113ta liel\u0101kajai da\u013cai vieglo automa\u0161\u012bnu. Riepas ir mar\u0137\u0113tas ar augstiem \u0101truma indeksiem &#8211;<b> H<\/b> un <b>V<\/b>, kas \u013cauj riepas izmantot ar\u012b uz Eiropas automa\u0123istr\u0101l\u0113m jeb autob\u0101\u0146iem. \u0160o modeli ra\u017eo diametros &#8211; <b>R17 &#8211; R20<\/b>, kas no m\u0113r\u0137auditorijas izsl\u0113dz pa\u0161us maz\u0101kos vieglo auto klases p\u0101rst\u0101vjus. \u0145emot v\u0113r\u0101 faktu, ka \u0161is ir bezrad\u017eu modelis, in\u017eenieri r\u016bp\u012bgi piestr\u0101d\u0101ju\u0161i pie sa\u0137eres \u012bpa\u0161\u012bb\u0101m uz ledus. Papildus sa\u0137eres \u012bpa\u0161\u012bb\u0101m, \u0161\u012b mode\u013ca stipr\u0101s puses ir augsts akustisk\u0101 komforta l\u012bmenis, uzticam\u012bba un ilgs kalpo\u0161anas laiks.<\/span><\/p>\n","protected":false},"featured_media":300694,"template":"","meta":{"_acf_changed":false,"ngg_post_thumbnail":0},"product_brand":[],"product_cat":[47,45],"product_tag":[],"class_list":{"0":"post-1069207","1":"product","2":"type-product","3":"status-publish","4":"has-post-thumbnail","6":"product_cat-vissezonas-riepas","7":"product_cat-ziemas-riepas","9":"first","10":"instock","11":"sale","12":"taxable","13":"shipping-taxable","14":"purchasable","15":"product-type-simple"},"acf":[],"yoast_head":"<!-- This site is optimized with the Yoast SEO Premium plugin v22.6 (Yoast SEO v27.3) - https:\/\/yoast.com\/product\/yoast-seo-premium-wordpress\/ -->\n<title>245\/70R16 Triangle SnowLink PL02 111H XL &#8226; MMK Riepas<\/title>\n<meta name=\"robots\" content=\"index, follow, max-snippet:-1, max-image-preview:large, max-video-preview:-1\" \/>\n<link rel=\"canonical\" href=\"https:\/\/mmkriepas.lv\/en\/p\/245-70r16-triangle-snowlink-pl02-111h-xl-3\/\" \/>\n<meta property=\"og:locale\" content=\"en_US\" \/>\n<meta property=\"og:type\" content=\"article\" \/>\n<meta property=\"og:title\" content=\"245\/70R16 Triangle SnowLink PL02 111H XL\" \/>\n<meta property=\"og:description\" content=\"Triangle SnowLink PL02 ir paredz\u0113ta liel\u0101kajai da\u013cai vieglo automa\u0161\u012bnu. Riepas ir mar\u0137\u0113tas ar augstiem \u0101truma indeksiem - H un V, kas \u013cauj riepas izmantot ar\u012b uz Eiropas automa\u0123istr\u0101l\u0113m jeb autob\u0101\u0146iem. \u0160o modeli ra\u017eo diametros - R17 - R20, kas no m\u0113r\u0137auditorijas izsl\u0113dz pa\u0161us maz\u0101kos vieglo auto klases p\u0101rst\u0101vjus. \u0145emot v\u0113r\u0101 faktu, ka \u0161is ir bezrad\u017eu modelis, in\u017eenieri r\u016bp\u012bgi piestr\u0101d\u0101ju\u0161i pie sa\u0137eres \u012bpa\u0161\u012bb\u0101m uz ledus. Papildus sa\u0137eres \u012bpa\u0161\u012bb\u0101m, \u0161\u012b mode\u013ca stipr\u0101s puses ir augsts akustisk\u0101 komforta l\u012bmenis, uzticam\u012bba un ilgs kalpo\u0161anas laiks.\" \/>\n<meta property=\"og:url\" content=\"https:\/\/mmkriepas.lv\/en\/p\/245-70r16-triangle-snowlink-pl02-111h-xl-3\/\" \/>\n<meta property=\"og:site_name\" content=\"MMK Riepas\" \/>\n<meta property=\"article:publisher\" content=\"https:\/\/www.facebook.com\/mmkserviss\/\" \/>\n<meta property=\"article:modified_time\" content=\"2026-03-30T13:29:41+00:00\" \/>\n<meta property=\"og:image\" content=\"https:\/\/mmkriepas.lv\/wp-content\/uploads\/2022\/08\/21550r18-triangle-snowlink-pl02-96v-xl-ziemas-riepas.jpg\" \/>\n\t<meta property=\"og:image:width\" content=\"2498\" \/>\n\t<meta property=\"og:image:height\" content=\"1662\" \/>\n\t<meta property=\"og:image:type\" content=\"image\/jpeg\" \/>\n<meta name=\"twitter:card\" content=\"summary_large_image\" \/>\n<meta name=\"twitter:label1\" content=\"Price\" \/>\n\t<meta name=\"twitter:data1\" content=\"&euro;88.00\" \/>\n\t<meta name=\"twitter:label2\" content=\"Availability\" \/>\n\t<meta name=\"twitter:data2\" content=\"In stock\" \/>\n<script type=\"application\/ld+json\" class=\"yoast-schema-graph\">{\"@context\":\"https:\\\/\\\/schema.org\",\"@graph\":[{\"@type\":\"WebPage\",\"@id\":\"https:\\\/\\\/mmkriepas.lv\\\/en\\\/p\\\/245-70r16-triangle-snowlink-pl02-111h-xl-3\\\/\",\"url\":\"https:\\\/\\\/mmkriepas.lv\\\/en\\\/p\\\/245-70r16-triangle-snowlink-pl02-111h-xl-3\\\/\",\"name\":\"245\\\/70R16 Triangle SnowLink PL02 111H XL &#8226; MMK Riepas\",\"isPartOf\":{\"@id\":\"https:\\\/\\\/mmkriepas.lv\\\/en\\\/#website\"},\"primaryImageOfPage\":{\"@id\":\"https:\\\/\\\/mmkriepas.lv\\\/en\\\/p\\\/245-70r16-triangle-snowlink-pl02-111h-xl-3\\\/#primaryimage\"},\"image\":{\"@id\":\"https:\\\/\\\/mmkriepas.lv\\\/en\\\/p\\\/245-70r16-triangle-snowlink-pl02-111h-xl-3\\\/#primaryimage\"},\"thumbnailUrl\":\"https:\\\/\\\/mmkriepas.lv\\\/wp-content\\\/uploads\\\/2022\\\/08\\\/21550r18-triangle-snowlink-pl02-96v-xl-ziemas-riepas.jpg\",\"datePublished\":\"2024-08-30T10:37:23+00:00\",\"dateModified\":\"2026-03-30T13:29:41+00:00\",\"breadcrumb\":{\"@id\":\"https:\\\/\\\/mmkriepas.lv\\\/en\\\/p\\\/245-70r16-triangle-snowlink-pl02-111h-xl-3\\\/#breadcrumb\"},\"inLanguage\":\"en-US\",\"potentialAction\":[{\"@type\":\"ReadAction\",\"target\":[\"https:\\\/\\\/mmkriepas.lv\\\/en\\\/p\\\/245-70r16-triangle-snowlink-pl02-111h-xl-3\\\/\"]}]},{\"@type\":\"ImageObject\",\"inLanguage\":\"en-US\",\"@id\":\"https:\\\/\\\/mmkriepas.lv\\\/en\\\/p\\\/245-70r16-triangle-snowlink-pl02-111h-xl-3\\\/#primaryimage\",\"url\":\"https:\\\/\\\/mmkriepas.lv\\\/wp-content\\\/uploads\\\/2022\\\/08\\\/21550r18-triangle-snowlink-pl02-96v-xl-ziemas-riepas.jpg\",\"contentUrl\":\"https:\\\/\\\/mmkriepas.lv\\\/wp-content\\\/uploads\\\/2022\\\/08\\\/21550r18-triangle-snowlink-pl02-96v-xl-ziemas-riepas.jpg\",\"width\":2498,\"height\":1662,\"caption\":\"Triangle SnowLink PL02 Ziemas riepas \\\/ Vissezonas riepas MMK Riepu Serviss\"},{\"@type\":\"BreadcrumbList\",\"@id\":\"https:\\\/\\\/mmkriepas.lv\\\/en\\\/p\\\/245-70r16-triangle-snowlink-pl02-111h-xl-3\\\/#breadcrumb\",\"itemListElement\":[{\"@type\":\"ListItem\",\"position\":1,\"name\":\"S\u0101kums\",\"item\":\"https:\\\/\\\/mmkriepas.lv\\\/en\\\/\"},{\"@type\":\"ListItem\",\"position\":2,\"name\":\"245\\\/70R16 Triangle SnowLink PL02 111H XL\"}]},{\"@type\":\"WebSite\",\"@id\":\"https:\\\/\\\/mmkriepas.lv\\\/en\\\/#website\",\"url\":\"https:\\\/\\\/mmkriepas.lv\\\/en\\\/\",\"name\":\"MMK Riepas\",\"description\":\"MMK Riepas\",\"alternateName\":\"MMK Riepu Serviss\",\"potentialAction\":[{\"@type\":\"SearchAction\",\"target\":{\"@type\":\"EntryPoint\",\"urlTemplate\":\"https:\\\/\\\/mmkriepas.lv\\\/en\\\/?s={search_term_string}\"},\"query-input\":{\"@type\":\"PropertyValueSpecification\",\"valueRequired\":true,\"valueName\":\"search_term_string\"}}],\"inLanguage\":\"en-US\"},{\"@type\":\"ImageObject\",\"inLanguage\":\"en-US\",\"@id\":\"https:\\\/\\\/mmkriepas.lv\\\/en\\\/p\\\/245-70r16-triangle-snowlink-pl02-111h-xl-3\\\/#local-main-organization-logo\",\"url\":\"\",\"contentUrl\":\"\",\"caption\":\"MMK Riepas\"}]}<\/script>\n<meta property=\"product:brand\" content=\"Triangle SnowLink PL02\" \/>\n<meta property=\"product:price:amount\" content=\"88.00\" \/>\n<meta property=\"product:price:currency\" content=\"EUR\" \/>\n<meta property=\"og:availability\" content=\"instock\" \/>\n<meta property=\"product:availability\" content=\"instock\" \/>\n<meta property=\"product:retailer_item_id\" content=\"TW2457016Trian-E39684\" \/>\n<meta property=\"product:condition\" content=\"new\" \/>\n<!-- \/ Yoast SEO Premium plugin. -->","yoast_head_json":{"title":"245\/70R16 Triangle SnowLink PL02 111H XL &#8226; MMK Riepas","robots":{"index":"index","follow":"follow","max-snippet":"max-snippet:-1","max-image-preview":"max-image-preview:large","max-video-preview":"max-video-preview:-1"},"canonical":"https:\/\/mmkriepas.lv\/en\/p\/245-70r16-triangle-snowlink-pl02-111h-xl-3\/","og_locale":"en_US","og_type":"article","og_title":"245\/70R16 Triangle SnowLink PL02 111H XL","og_description":"Triangle SnowLink PL02 ir paredz\u0113ta liel\u0101kajai da\u013cai vieglo automa\u0161\u012bnu. Riepas ir mar\u0137\u0113tas ar augstiem \u0101truma indeksiem - H un V, kas \u013cauj riepas izmantot ar\u012b uz Eiropas automa\u0123istr\u0101l\u0113m jeb autob\u0101\u0146iem. \u0160o modeli ra\u017eo diametros - R17 - R20, kas no m\u0113r\u0137auditorijas izsl\u0113dz pa\u0161us maz\u0101kos vieglo auto klases p\u0101rst\u0101vjus. \u0145emot v\u0113r\u0101 faktu, ka \u0161is ir bezrad\u017eu modelis, in\u017eenieri r\u016bp\u012bgi piestr\u0101d\u0101ju\u0161i pie sa\u0137eres \u012bpa\u0161\u012bb\u0101m uz ledus. Papildus sa\u0137eres \u012bpa\u0161\u012bb\u0101m, \u0161\u012b mode\u013ca stipr\u0101s puses ir augsts akustisk\u0101 komforta l\u012bmenis, uzticam\u012bba un ilgs kalpo\u0161anas laiks.","og_url":"https:\/\/mmkriepas.lv\/en\/p\/245-70r16-triangle-snowlink-pl02-111h-xl-3\/","og_site_name":"MMK Riepas","article_publisher":"https:\/\/www.facebook.com\/mmkserviss\/","article_modified_time":"2026-03-30T13:29:41+00:00","og_image":[{"width":2498,"height":1662,"url":"https:\/\/mmkriepas.lv\/wp-content\/uploads\/2022\/08\/21550r18-triangle-snowlink-pl02-96v-xl-ziemas-riepas.jpg","type":"image\/jpeg"}],"twitter_card":"summary_large_image","twitter_misc":{"Price":"&euro;88.00","Availability":"In stock"},"schema":{"@context":"https:\/\/schema.org","@graph":[{"@type":"WebPage","@id":"https:\/\/mmkriepas.lv\/en\/p\/245-70r16-triangle-snowlink-pl02-111h-xl-3\/","url":"https:\/\/mmkriepas.lv\/en\/p\/245-70r16-triangle-snowlink-pl02-111h-xl-3\/","name":"245\/70R16 Triangle SnowLink PL02 111H XL &#8226; MMK Riepas","isPartOf":{"@id":"https:\/\/mmkriepas.lv\/en\/#website"},"primaryImageOfPage":{"@id":"https:\/\/mmkriepas.lv\/en\/p\/245-70r16-triangle-snowlink-pl02-111h-xl-3\/#primaryimage"},"image":{"@id":"https:\/\/mmkriepas.lv\/en\/p\/245-70r16-triangle-snowlink-pl02-111h-xl-3\/#primaryimage"},"thumbnailUrl":"https:\/\/mmkriepas.lv\/wp-content\/uploads\/2022\/08\/21550r18-triangle-snowlink-pl02-96v-xl-ziemas-riepas.jpg","datePublished":"2024-08-30T10:37:23+00:00","dateModified":"2026-03-30T13:29:41+00:00","breadcrumb":{"@id":"https:\/\/mmkriepas.lv\/en\/p\/245-70r16-triangle-snowlink-pl02-111h-xl-3\/#breadcrumb"},"inLanguage":"en-US","potentialAction":[{"@type":"ReadAction","target":["https:\/\/mmkriepas.lv\/en\/p\/245-70r16-triangle-snowlink-pl02-111h-xl-3\/"]}]},{"@type":"ImageObject","inLanguage":"en-US","@id":"https:\/\/mmkriepas.lv\/en\/p\/245-70r16-triangle-snowlink-pl02-111h-xl-3\/#primaryimage","url":"https:\/\/mmkriepas.lv\/wp-content\/uploads\/2022\/08\/21550r18-triangle-snowlink-pl02-96v-xl-ziemas-riepas.jpg","contentUrl":"https:\/\/mmkriepas.lv\/wp-content\/uploads\/2022\/08\/21550r18-triangle-snowlink-pl02-96v-xl-ziemas-riepas.jpg","width":2498,"height":1662,"caption":"Triangle SnowLink PL02 Ziemas riepas \/ Vissezonas riepas MMK Riepu Serviss"},{"@type":"BreadcrumbList","@id":"https:\/\/mmkriepas.lv\/en\/p\/245-70r16-triangle-snowlink-pl02-111h-xl-3\/#breadcrumb","itemListElement":[{"@type":"ListItem","position":1,"name":"S\u0101kums","item":"https:\/\/mmkriepas.lv\/en\/"},{"@type":"ListItem","position":2,"name":"245\/70R16 Triangle SnowLink PL02 111H XL"}]},{"@type":"WebSite","@id":"https:\/\/mmkriepas.lv\/en\/#website","url":"https:\/\/mmkriepas.lv\/en\/","name":"MMK Riepas","description":"MMK Riepas","alternateName":"MMK Riepu Serviss","potentialAction":[{"@type":"SearchAction","target":{"@type":"EntryPoint","urlTemplate":"https:\/\/mmkriepas.lv\/en\/?s={search_term_string}"},"query-input":{"@type":"PropertyValueSpecification","valueRequired":true,"valueName":"search_term_string"}}],"inLanguage":"en-US"},{"@type":"ImageObject","inLanguage":"en-US","@id":"https:\/\/mmkriepas.lv\/en\/p\/245-70r16-triangle-snowlink-pl02-111h-xl-3\/#local-main-organization-logo","url":"","contentUrl":"","caption":"MMK Riepas"}]},"product_brand":"Triangle SnowLink PL02","product_price_amount":"88.00","product_price_currency":"EUR","og_availability":"instock","product_availability":"instock","product_retailer_item_id":"TW2457016Trian-E39684","product_condition":"new"},"_links":{"self":[{"href":"https:\/\/mmkriepas.lv\/en\/wp-json\/wp\/v2\/product\/1069207","targetHints":{"allow":["GET"]}}],"collection":[{"href":"https:\/\/mmkriepas.lv\/en\/wp-json\/wp\/v2\/product"}],"about":[{"href":"https:\/\/mmkriepas.lv\/en\/wp-json\/wp\/v2\/types\/product"}],"wp:featuredmedia":[{"embeddable":true,"href":"https:\/\/mmkriepas.lv\/en\/wp-json\/wp\/v2\/media\/300694"}],"wp:attachment":[{"href":"https:\/\/mmkriepas.lv\/en\/wp-json\/wp\/v2\/media?parent=1069207"}],"wp:term":[{"taxonomy":"product_brand","embeddable":true,"href":"https:\/\/mmkriepas.lv\/en\/wp-json\/wp\/v2\/product_brand?post=1069207"},{"taxonomy":"product_cat","embeddable":true,"href":"https:\/\/mmkriepas.lv\/en\/wp-json\/wp\/v2\/product_cat?post=1069207"},{"taxonomy":"product_tag","embeddable":true,"href":"https:\/\/mmkriepas.lv\/en\/wp-json\/wp\/v2\/product_tag?post=1069207"}],"curies":[{"name":"wp","href":"https:\/\/api.w.org\/{rel}","templated":true}]}}