{"id":1068391,"date":"2024-08-28T15:52:39","date_gmt":"2024-08-28T12:52:39","guid":{"rendered":"https:\/\/mmkriepas.lv\/?post_type=product&#038;p=1068391"},"modified":"2026-03-27T23:53:31","modified_gmt":"2026-03-27T21:53:31","slug":"215-55r17-haida-hd687-98t-xl","status":"publish","type":"product","link":"https:\/\/mmkriepas.lv\/en\/p\/215-55r17-haida-hd687-98t-xl\/","title":{"rendered":"215\/55R17 Haida HD687 98T XL"},"content":{"rendered":"<p><b>Haida HD687<\/b><span style=\"font-weight: 400;\"> ir Skandin\u0101vijas tipa ziemas riepu modelis ar asimetrisku protektora rakstu. Tas izce\u013cas ar paaugstin\u0101tu veiktsp\u0113ju skarbos brauk\u0161anas apst\u0101k\u013cos, k\u0101 ar\u012b pazemin\u0101tu degvielas pat\u0113ri\u0146u un trok\u0161\u0146a l\u012bmeni.<\/span><\/p>\n<h3><b>Haida HD687 galven\u0101s iez\u012bmes:<\/b><\/h3>\n<p><span style=\"font-weight: 400;\">+ Zems trok\u0161\u0146a l\u012bmenis,<\/span> <span style=\"font-weight: 400;\">+ Palielin\u0101ta nodilumiztur\u012bba,<\/span> <span style=\"font-weight: 400;\">+ Pazemin\u0101ta rites pretest\u012bba, kas rezult\u0113jas zem\u0101k\u0101 degvielas pat\u0113ri\u0146\u0101,<\/span> <span style=\"font-weight: 400;\">+ Lieliska sa\u0137ere un manevr\u0113tsp\u0113ja gan snieg\u0101, gan uz ledus,<\/span> <span style=\"font-weight: 400;\">+ Uzlabots riepu gumijas sast\u0101vs.<\/span><\/p>\n<h3><b>HD687 apr\u012bkojums<\/b><\/h3>\n<p><b>Haida HD687<\/b><span style=\"font-weight: 400;\"> riepas apr\u012bkotas ar asimetrisku protektora rakstu, kas vienlaikus lieliski izvada sniegu un \u016bdeni no kontakta virsmas, samazinot akvaplan\u0113\u0161anas risku, un samazina trok\u0161\u0146a l\u012bmeni.<\/span> <b>HD687<\/b><span style=\"font-weight: 400;\"> izgatavotas no \u012bpa\u0161i augstv\u0113rt\u012bga kompoz\u012btmateri\u0101la, kas nezaud\u0113 elast\u012bbu zem\u0101 gaisa temperat\u016br\u0101, nodro\u0161inot sa\u0137eri pat skarbos ziemas brauk\u0161anas apst\u0101k\u013cos.<\/span> <span style=\"font-weight: 400;\">Riepas protektora blokos iestr\u0101d\u0101tas lameles, kas sausina riepas kontakta virsmu ar ce\u013cu, b\u016btiski uzlabojot sa\u0137eri ar ledu, k\u0101 ar\u012b ar kant\u0113m ie\u0137eras ledus virsm\u0101.<\/span> <b>Haida HD687 &#8211; <\/b><span style=\"font-weight: 400;\">Skandin\u0101vijas tipa ziemas riepas par super cenu! Pieejamas abos MMK Riepu Centros par vislab\u0101kaj\u0101m cen\u0101m!<\/span><\/p>\n","protected":false},"excerpt":{"rendered":"<p><b>Haida HD687<\/b><span style=\"font-weight: 400;\"> &#8211; Skandin\u0101vijas tipa ziemas riepu modelis ar asimetrisku protektora rakstu. Izce\u013cas ar paaugstin\u0101tu veiktsp\u0113ju skarbos brauk\u0161anas apst\u0101k\u013cos, k\u0101 ar\u012b pazemin\u0101tu degvielas pat\u0113ri\u0146u un trok\u0161\u0146a l\u012bmeni. Teicama cenas un veiktsp\u0113jas attiec\u012bba, augsta nodilumiztur\u012bba un degvielas ekonomija.<\/span><\/p>\n","protected":false},"featured_media":1065732,"template":"","meta":{"_acf_changed":false,"ngg_post_thumbnail":0},"product_brand":[],"product_cat":[47,45],"product_tag":[],"class_list":{"0":"post-1068391","1":"product","2":"type-product","3":"status-publish","4":"has-post-thumbnail","6":"product_cat-vissezonas-riepas","7":"product_cat-ziemas-riepas","9":"first","10":"instock","11":"sale","12":"taxable","13":"shipping-taxable","14":"purchasable","15":"product-type-simple"},"acf":[],"yoast_head":"<!-- This site is optimized with the Yoast SEO Premium plugin v22.6 (Yoast SEO v27.3) - https:\/\/yoast.com\/product\/yoast-seo-premium-wordpress\/ -->\n<title>215\/55R17 Haida HD687 98T XL &#8226; MMK Riepas<\/title>\n<meta name=\"robots\" content=\"index, follow, max-snippet:-1, max-image-preview:large, max-video-preview:-1\" \/>\n<link rel=\"canonical\" href=\"https:\/\/mmkriepas.lv\/en\/p\/215-55r17-haida-hd687-98t-xl\/\" \/>\n<meta property=\"og:locale\" content=\"en_US\" \/>\n<meta property=\"og:type\" content=\"article\" \/>\n<meta property=\"og:title\" content=\"215\/55R17 Haida HD687 98T XL\" \/>\n<meta property=\"og:description\" content=\"Haida HD687 - Skandin\u0101vijas tipa ziemas riepu modelis ar asimetrisku protektora rakstu. Izce\u013cas ar paaugstin\u0101tu veiktsp\u0113ju skarbos brauk\u0161anas apst\u0101k\u013cos, k\u0101 ar\u012b pazemin\u0101tu degvielas pat\u0113ri\u0146u un trok\u0161\u0146a l\u012bmeni. Teicama cenas un veiktsp\u0113jas attiec\u012bba, augsta nodilumiztur\u012bba un degvielas ekonomija.\" \/>\n<meta property=\"og:url\" content=\"https:\/\/mmkriepas.lv\/en\/p\/215-55r17-haida-hd687-98t-xl\/\" \/>\n<meta property=\"og:site_name\" content=\"MMK Riepas\" \/>\n<meta property=\"article:publisher\" content=\"https:\/\/www.facebook.com\/mmkserviss\/\" \/>\n<meta property=\"article:modified_time\" content=\"2026-03-27T21:53:31+00:00\" \/>\n<meta property=\"og:image\" content=\"https:\/\/mmkriepas.lv\/wp-content\/uploads\/2024\/08\/haida-hd687.jpg\" \/>\n\t<meta property=\"og:image:width\" content=\"900\" \/>\n\t<meta property=\"og:image:height\" content=\"720\" \/>\n\t<meta property=\"og:image:type\" content=\"image\/jpeg\" \/>\n<meta name=\"twitter:card\" content=\"summary_large_image\" \/>\n<meta name=\"twitter:label1\" content=\"Price\" \/>\n\t<meta name=\"twitter:data1\" content=\"&euro;59.00\" \/>\n\t<meta name=\"twitter:label2\" content=\"Availability\" \/>\n\t<meta name=\"twitter:data2\" content=\"In stock\" \/>\n<script type=\"application\/ld+json\" class=\"yoast-schema-graph\">{\"@context\":\"https:\\\/\\\/schema.org\",\"@graph\":[{\"@type\":\"WebPage\",\"@id\":\"https:\\\/\\\/mmkriepas.lv\\\/en\\\/p\\\/215-55r17-haida-hd687-98t-xl\\\/\",\"url\":\"https:\\\/\\\/mmkriepas.lv\\\/en\\\/p\\\/215-55r17-haida-hd687-98t-xl\\\/\",\"name\":\"215\\\/55R17 Haida HD687 98T XL &#8226; MMK Riepas\",\"isPartOf\":{\"@id\":\"https:\\\/\\\/mmkriepas.lv\\\/en\\\/#website\"},\"primaryImageOfPage\":{\"@id\":\"https:\\\/\\\/mmkriepas.lv\\\/en\\\/p\\\/215-55r17-haida-hd687-98t-xl\\\/#primaryimage\"},\"image\":{\"@id\":\"https:\\\/\\\/mmkriepas.lv\\\/en\\\/p\\\/215-55r17-haida-hd687-98t-xl\\\/#primaryimage\"},\"thumbnailUrl\":\"https:\\\/\\\/mmkriepas.lv\\\/wp-content\\\/uploads\\\/2024\\\/08\\\/haida-hd687.jpg\",\"datePublished\":\"2024-08-28T12:52:39+00:00\",\"dateModified\":\"2026-03-27T21:53:31+00:00\",\"breadcrumb\":{\"@id\":\"https:\\\/\\\/mmkriepas.lv\\\/en\\\/p\\\/215-55r17-haida-hd687-98t-xl\\\/#breadcrumb\"},\"inLanguage\":\"en-US\",\"potentialAction\":[{\"@type\":\"ReadAction\",\"target\":[\"https:\\\/\\\/mmkriepas.lv\\\/en\\\/p\\\/215-55r17-haida-hd687-98t-xl\\\/\"]}]},{\"@type\":\"ImageObject\",\"inLanguage\":\"en-US\",\"@id\":\"https:\\\/\\\/mmkriepas.lv\\\/en\\\/p\\\/215-55r17-haida-hd687-98t-xl\\\/#primaryimage\",\"url\":\"https:\\\/\\\/mmkriepas.lv\\\/wp-content\\\/uploads\\\/2024\\\/08\\\/haida-hd687.jpg\",\"contentUrl\":\"https:\\\/\\\/mmkriepas.lv\\\/wp-content\\\/uploads\\\/2024\\\/08\\\/haida-hd687.jpg\",\"width\":900,\"height\":720,\"caption\":\"MAIN\"},{\"@type\":\"BreadcrumbList\",\"@id\":\"https:\\\/\\\/mmkriepas.lv\\\/en\\\/p\\\/215-55r17-haida-hd687-98t-xl\\\/#breadcrumb\",\"itemListElement\":[{\"@type\":\"ListItem\",\"position\":1,\"name\":\"S\u0101kums\",\"item\":\"https:\\\/\\\/mmkriepas.lv\\\/en\\\/\"},{\"@type\":\"ListItem\",\"position\":2,\"name\":\"215\\\/55R17 Haida HD687 98T XL\"}]},{\"@type\":\"WebSite\",\"@id\":\"https:\\\/\\\/mmkriepas.lv\\\/en\\\/#website\",\"url\":\"https:\\\/\\\/mmkriepas.lv\\\/en\\\/\",\"name\":\"MMK Riepas\",\"description\":\"MMK Riepas\",\"alternateName\":\"MMK Riepu Serviss\",\"potentialAction\":[{\"@type\":\"SearchAction\",\"target\":{\"@type\":\"EntryPoint\",\"urlTemplate\":\"https:\\\/\\\/mmkriepas.lv\\\/en\\\/?s={search_term_string}\"},\"query-input\":{\"@type\":\"PropertyValueSpecification\",\"valueRequired\":true,\"valueName\":\"search_term_string\"}}],\"inLanguage\":\"en-US\"},{\"@type\":\"ImageObject\",\"inLanguage\":\"en-US\",\"@id\":\"https:\\\/\\\/mmkriepas.lv\\\/en\\\/p\\\/215-55r17-haida-hd687-98t-xl\\\/#local-main-organization-logo\",\"url\":\"\",\"contentUrl\":\"\",\"caption\":\"MMK Riepas\"}]}<\/script>\n<meta property=\"product:brand\" content=\"Haida HD687\" \/>\n<meta property=\"product:price:amount\" content=\"59.00\" \/>\n<meta property=\"product:price:currency\" content=\"EUR\" \/>\n<meta property=\"og:availability\" content=\"instock\" \/>\n<meta property=\"product:availability\" content=\"instock\" \/>\n<meta property=\"product:retailer_item_id\" content=\"TW2155517HAIDA-39577\" \/>\n<meta property=\"product:condition\" content=\"new\" \/>\n<!-- \/ Yoast SEO Premium plugin. -->","yoast_head_json":{"title":"215\/55R17 Haida HD687 98T XL &#8226; MMK Riepas","robots":{"index":"index","follow":"follow","max-snippet":"max-snippet:-1","max-image-preview":"max-image-preview:large","max-video-preview":"max-video-preview:-1"},"canonical":"https:\/\/mmkriepas.lv\/en\/p\/215-55r17-haida-hd687-98t-xl\/","og_locale":"en_US","og_type":"article","og_title":"215\/55R17 Haida HD687 98T XL","og_description":"Haida HD687 - Skandin\u0101vijas tipa ziemas riepu modelis ar asimetrisku protektora rakstu. Izce\u013cas ar paaugstin\u0101tu veiktsp\u0113ju skarbos brauk\u0161anas apst\u0101k\u013cos, k\u0101 ar\u012b pazemin\u0101tu degvielas pat\u0113ri\u0146u un trok\u0161\u0146a l\u012bmeni. Teicama cenas un veiktsp\u0113jas attiec\u012bba, augsta nodilumiztur\u012bba un degvielas ekonomija.","og_url":"https:\/\/mmkriepas.lv\/en\/p\/215-55r17-haida-hd687-98t-xl\/","og_site_name":"MMK Riepas","article_publisher":"https:\/\/www.facebook.com\/mmkserviss\/","article_modified_time":"2026-03-27T21:53:31+00:00","og_image":[{"width":900,"height":720,"url":"https:\/\/mmkriepas.lv\/wp-content\/uploads\/2024\/08\/haida-hd687.jpg","type":"image\/jpeg"}],"twitter_card":"summary_large_image","twitter_misc":{"Price":"&euro;59.00","Availability":"In stock"},"schema":{"@context":"https:\/\/schema.org","@graph":[{"@type":"WebPage","@id":"https:\/\/mmkriepas.lv\/en\/p\/215-55r17-haida-hd687-98t-xl\/","url":"https:\/\/mmkriepas.lv\/en\/p\/215-55r17-haida-hd687-98t-xl\/","name":"215\/55R17 Haida HD687 98T XL &#8226; MMK Riepas","isPartOf":{"@id":"https:\/\/mmkriepas.lv\/en\/#website"},"primaryImageOfPage":{"@id":"https:\/\/mmkriepas.lv\/en\/p\/215-55r17-haida-hd687-98t-xl\/#primaryimage"},"image":{"@id":"https:\/\/mmkriepas.lv\/en\/p\/215-55r17-haida-hd687-98t-xl\/#primaryimage"},"thumbnailUrl":"https:\/\/mmkriepas.lv\/wp-content\/uploads\/2024\/08\/haida-hd687.jpg","datePublished":"2024-08-28T12:52:39+00:00","dateModified":"2026-03-27T21:53:31+00:00","breadcrumb":{"@id":"https:\/\/mmkriepas.lv\/en\/p\/215-55r17-haida-hd687-98t-xl\/#breadcrumb"},"inLanguage":"en-US","potentialAction":[{"@type":"ReadAction","target":["https:\/\/mmkriepas.lv\/en\/p\/215-55r17-haida-hd687-98t-xl\/"]}]},{"@type":"ImageObject","inLanguage":"en-US","@id":"https:\/\/mmkriepas.lv\/en\/p\/215-55r17-haida-hd687-98t-xl\/#primaryimage","url":"https:\/\/mmkriepas.lv\/wp-content\/uploads\/2024\/08\/haida-hd687.jpg","contentUrl":"https:\/\/mmkriepas.lv\/wp-content\/uploads\/2024\/08\/haida-hd687.jpg","width":900,"height":720,"caption":"MAIN"},{"@type":"BreadcrumbList","@id":"https:\/\/mmkriepas.lv\/en\/p\/215-55r17-haida-hd687-98t-xl\/#breadcrumb","itemListElement":[{"@type":"ListItem","position":1,"name":"S\u0101kums","item":"https:\/\/mmkriepas.lv\/en\/"},{"@type":"ListItem","position":2,"name":"215\/55R17 Haida HD687 98T XL"}]},{"@type":"WebSite","@id":"https:\/\/mmkriepas.lv\/en\/#website","url":"https:\/\/mmkriepas.lv\/en\/","name":"MMK Riepas","description":"MMK Riepas","alternateName":"MMK Riepu Serviss","potentialAction":[{"@type":"SearchAction","target":{"@type":"EntryPoint","urlTemplate":"https:\/\/mmkriepas.lv\/en\/?s={search_term_string}"},"query-input":{"@type":"PropertyValueSpecification","valueRequired":true,"valueName":"search_term_string"}}],"inLanguage":"en-US"},{"@type":"ImageObject","inLanguage":"en-US","@id":"https:\/\/mmkriepas.lv\/en\/p\/215-55r17-haida-hd687-98t-xl\/#local-main-organization-logo","url":"","contentUrl":"","caption":"MMK Riepas"}]},"product_brand":"Haida HD687","product_price_amount":"59.00","product_price_currency":"EUR","og_availability":"instock","product_availability":"instock","product_retailer_item_id":"TW2155517HAIDA-39577","product_condition":"new"},"_links":{"self":[{"href":"https:\/\/mmkriepas.lv\/en\/wp-json\/wp\/v2\/product\/1068391","targetHints":{"allow":["GET"]}}],"collection":[{"href":"https:\/\/mmkriepas.lv\/en\/wp-json\/wp\/v2\/product"}],"about":[{"href":"https:\/\/mmkriepas.lv\/en\/wp-json\/wp\/v2\/types\/product"}],"wp:featuredmedia":[{"embeddable":true,"href":"https:\/\/mmkriepas.lv\/en\/wp-json\/wp\/v2\/media\/1065732"}],"wp:attachment":[{"href":"https:\/\/mmkriepas.lv\/en\/wp-json\/wp\/v2\/media?parent=1068391"}],"wp:term":[{"taxonomy":"product_brand","embeddable":true,"href":"https:\/\/mmkriepas.lv\/en\/wp-json\/wp\/v2\/product_brand?post=1068391"},{"taxonomy":"product_cat","embeddable":true,"href":"https:\/\/mmkriepas.lv\/en\/wp-json\/wp\/v2\/product_cat?post=1068391"},{"taxonomy":"product_tag","embeddable":true,"href":"https:\/\/mmkriepas.lv\/en\/wp-json\/wp\/v2\/product_tag?post=1068391"}],"curies":[{"name":"wp","href":"https:\/\/api.w.org\/{rel}","templated":true}]}}