{"id":1067376,"date":"2024-03-14T16:41:20","date_gmt":"2024-03-14T14:41:20","guid":{"rendered":"https:\/\/mmkriepas.lv\/delivery-2\/"},"modified":"2024-10-14T16:30:04","modified_gmt":"2024-10-14T13:30:04","slug":"delivery-2","status":"publish","type":"page","link":"https:\/\/mmkriepas.lv\/en\/delivery-2\/","title":{"rendered":"Delivery"},"content":{"rendered":"<section class=\"wpb-content-wrapper\"><p>[vc_row][vc_column]<h1 class=\" box-header page-margin-top\">Receiving goods<\/h1>[vc_column_text]<\/p>\n<h2>Collection options in Latvia<\/h2>\n<p><strong>1. Free pick-up at any MMK Riepu Serviss store:<\/strong><\/p>\n<ul>\n<li>M\u016bkusalas iela 72d, R\u012bga, LV-1004<\/li>\n<li>Bikernieku 121k, R\u012bga, LV-1021<\/li>\n<\/ul>\n<p><strong>2. Free delivery in Riga with our transport<\/strong><\/p>\n<p><strong>3<\/strong><strong>.<\/strong><strong>Paid delivery of goods elsewhere in Latvia by VENIPAK courier<\/strong> (approximate delivery time 1-5 working days, delivery fee according to courier tariff)<\/p>\n<p>If you choose to receive the goods by VENIPAK courier, the courier representative will contact the person who will be indicated as the recipient of the goods and inform you about the delivery time. If the courier is unable to reach the recipient or the recipient is not at home, the order will be placed in the VENIPAK warehouse. In Riga, courier delivery takes place only on weekdays from 10.00 to 15.00. The delivery service is only available on weekdays from 9.00 to 18.00 by prior arrangement by telephone. If delivery is delayed due to an incorrect or unclear address, this is the responsibility of the buyer who has provided an incorrect receiving address.<\/p>\n<p>The courier will deliver the goods to the recipient together with the delivery note, which must be signed. Please check that everything is in order with the packaging and the order before signing. If the packaging or product is damaged in transit, it will be returned and we will replace it with a new, undamaged product in undamaged packaging. If any complaints about the packaging or the quantity of the goods arise later, i.e. after signature, we will not investigate them.<\/p>\n<p>* Holidays and sales may extend the delivery time.<\/p>\n<p>In case of any questions or concerns, please contact us by phone at <a href=\"tel:+37123000100\"> 23000100 or<\/a> by e-mail at <a href=\"&#x6d;a&#x69;&#108;&#x74;&#x6f;:&#x69;&#110;&#x66;&#x6f;&#64;&#x6d;&#109;&#x6b;&#x73;e&#x72;&#118;&#x69;&#x73;s&#x2e;&#108;&#x76;\">info&#64;&#109;&#109;&#107;&#115;&#101;&#114;&#x76;&#x69;&#x73;&#x73;&#x2e;&#x6c;&#x76;.<\/a>[\/vc_column_text][\/vc_column][\/vc_row]<\/p>\n<\/section>","protected":false},"excerpt":{"rendered":"<p>[vc_row][vc_column][vc_column_text] Collection options in Latvia 1. Free pick-up at any MMK Riepu Serviss store: M\u016bkusalas iela 72d, R\u012bga, LV-1004 Bikernieku 121k, R\u012bga, LV-1021 2. Free delivery in Riga with our<\/p>\n","protected":false},"author":2,"featured_media":0,"parent":0,"menu_order":0,"comment_status":"closed","ping_status":"closed","template":"","meta":{"_acf_changed":false,"ngg_post_thumbnail":0,"footnotes":""},"class_list":["post-1067376","page","type-page","status-publish","hentry"],"acf":[],"yoast_head":"<!-- This site is optimized with the Yoast SEO Premium plugin v22.6 (Yoast SEO v27.3) - https:\/\/yoast.com\/product\/yoast-seo-premium-wordpress\/ -->\n<title>Delivery &#8226; MMK Riepas<\/title>\n<meta name=\"description\" content=\"MMK Riepu Serviss delivery options - choose to receive your goods locally in one of our stores or by delivery throughout Latvia\" \/>\n<meta name=\"robots\" content=\"index, follow, max-snippet:-1, max-image-preview:large, max-video-preview:-1\" \/>\n<link rel=\"canonical\" href=\"https:\/\/mmkriepas.lv\/en\/delivery-2\/\" \/>\n<meta property=\"og:locale\" content=\"en_US\" \/>\n<meta property=\"og:type\" content=\"article\" \/>\n<meta property=\"og:title\" content=\"Delivery\" \/>\n<meta property=\"og:description\" content=\"MMK Riepu Serviss delivery options - choose to receive your goods locally in one of our stores or by delivery throughout Latvia\" \/>\n<meta property=\"og:url\" content=\"https:\/\/mmkriepas.lv\/en\/delivery-2\/\" \/>\n<meta property=\"og:site_name\" content=\"MMK Riepas\" \/>\n<meta property=\"article:publisher\" content=\"https:\/\/www.facebook.com\/mmkserviss\/\" \/>\n<meta property=\"article:modified_time\" content=\"2024-10-14T13:30:04+00:00\" \/>\n<meta name=\"twitter:card\" content=\"summary_large_image\" \/>\n<meta name=\"twitter:label1\" content=\"Est. reading time\" \/>\n\t<meta name=\"twitter:data1\" content=\"1 minute\" \/>\n<script type=\"application\/ld+json\" class=\"yoast-schema-graph\">{\"@context\":\"https:\\\/\\\/schema.org\",\"@graph\":[{\"@type\":\"WebPage\",\"@id\":\"https:\\\/\\\/mmkriepas.lv\\\/en\\\/delivery-2\\\/\",\"url\":\"https:\\\/\\\/mmkriepas.lv\\\/en\\\/delivery-2\\\/\",\"name\":\"Delivery &#8226; MMK Riepas\",\"isPartOf\":{\"@id\":\"https:\\\/\\\/mmkriepas.lv\\\/en\\\/#website\"},\"datePublished\":\"2024-03-14T14:41:20+00:00\",\"dateModified\":\"2024-10-14T13:30:04+00:00\",\"description\":\"MMK Riepu Serviss delivery options - choose to receive your goods locally in one of our stores or by delivery throughout Latvia\",\"breadcrumb\":{\"@id\":\"https:\\\/\\\/mmkriepas.lv\\\/en\\\/delivery-2\\\/#breadcrumb\"},\"inLanguage\":\"en-US\",\"potentialAction\":[{\"@type\":\"ReadAction\",\"target\":[\"https:\\\/\\\/mmkriepas.lv\\\/en\\\/delivery-2\\\/\"]}]},{\"@type\":\"BreadcrumbList\",\"@id\":\"https:\\\/\\\/mmkriepas.lv\\\/en\\\/delivery-2\\\/#breadcrumb\",\"itemListElement\":[{\"@type\":\"ListItem\",\"position\":1,\"name\":\"S\u0101kums\",\"item\":\"https:\\\/\\\/mmkriepas.lv\\\/en\\\/\"},{\"@type\":\"ListItem\",\"position\":2,\"name\":\"Delivery\"}]},{\"@type\":\"WebSite\",\"@id\":\"https:\\\/\\\/mmkriepas.lv\\\/en\\\/#website\",\"url\":\"https:\\\/\\\/mmkriepas.lv\\\/en\\\/\",\"name\":\"MMK Riepas\",\"description\":\"MMK Riepas\",\"alternateName\":\"MMK Riepu Serviss\",\"potentialAction\":[{\"@type\":\"SearchAction\",\"target\":{\"@type\":\"EntryPoint\",\"urlTemplate\":\"https:\\\/\\\/mmkriepas.lv\\\/en\\\/?s={search_term_string}\"},\"query-input\":{\"@type\":\"PropertyValueSpecification\",\"valueRequired\":true,\"valueName\":\"search_term_string\"}}],\"inLanguage\":\"en-US\"},{\"@type\":\"ImageObject\",\"inLanguage\":\"en-US\",\"@id\":\"https:\\\/\\\/mmkriepas.lv\\\/en\\\/delivery-2\\\/#local-main-organization-logo\",\"url\":\"\",\"contentUrl\":\"\",\"caption\":\"MMK Riepas\"}]}<\/script>\n<!-- \/ Yoast SEO Premium plugin. -->","yoast_head_json":{"title":"Delivery &#8226; MMK Riepas","description":"MMK Riepu Serviss delivery options - choose to receive your goods locally in one of our stores or by delivery throughout Latvia","robots":{"index":"index","follow":"follow","max-snippet":"max-snippet:-1","max-image-preview":"max-image-preview:large","max-video-preview":"max-video-preview:-1"},"canonical":"https:\/\/mmkriepas.lv\/en\/delivery-2\/","og_locale":"en_US","og_type":"article","og_title":"Delivery","og_description":"MMK Riepu Serviss delivery options - choose to receive your goods locally in one of our stores or by delivery throughout Latvia","og_url":"https:\/\/mmkriepas.lv\/en\/delivery-2\/","og_site_name":"MMK Riepas","article_publisher":"https:\/\/www.facebook.com\/mmkserviss\/","article_modified_time":"2024-10-14T13:30:04+00:00","twitter_card":"summary_large_image","twitter_misc":{"Est. reading time":"1 minute"},"schema":{"@context":"https:\/\/schema.org","@graph":[{"@type":"WebPage","@id":"https:\/\/mmkriepas.lv\/en\/delivery-2\/","url":"https:\/\/mmkriepas.lv\/en\/delivery-2\/","name":"Delivery &#8226; MMK Riepas","isPartOf":{"@id":"https:\/\/mmkriepas.lv\/en\/#website"},"datePublished":"2024-03-14T14:41:20+00:00","dateModified":"2024-10-14T13:30:04+00:00","description":"MMK Riepu Serviss delivery options - choose to receive your goods locally in one of our stores or by delivery throughout Latvia","breadcrumb":{"@id":"https:\/\/mmkriepas.lv\/en\/delivery-2\/#breadcrumb"},"inLanguage":"en-US","potentialAction":[{"@type":"ReadAction","target":["https:\/\/mmkriepas.lv\/en\/delivery-2\/"]}]},{"@type":"BreadcrumbList","@id":"https:\/\/mmkriepas.lv\/en\/delivery-2\/#breadcrumb","itemListElement":[{"@type":"ListItem","position":1,"name":"S\u0101kums","item":"https:\/\/mmkriepas.lv\/en\/"},{"@type":"ListItem","position":2,"name":"Delivery"}]},{"@type":"WebSite","@id":"https:\/\/mmkriepas.lv\/en\/#website","url":"https:\/\/mmkriepas.lv\/en\/","name":"MMK Riepas","description":"MMK Riepas","alternateName":"MMK Riepu Serviss","potentialAction":[{"@type":"SearchAction","target":{"@type":"EntryPoint","urlTemplate":"https:\/\/mmkriepas.lv\/en\/?s={search_term_string}"},"query-input":{"@type":"PropertyValueSpecification","valueRequired":true,"valueName":"search_term_string"}}],"inLanguage":"en-US"},{"@type":"ImageObject","inLanguage":"en-US","@id":"https:\/\/mmkriepas.lv\/en\/delivery-2\/#local-main-organization-logo","url":"","contentUrl":"","caption":"MMK Riepas"}]}},"_links":{"self":[{"href":"https:\/\/mmkriepas.lv\/en\/wp-json\/wp\/v2\/pages\/1067376","targetHints":{"allow":["GET"]}}],"collection":[{"href":"https:\/\/mmkriepas.lv\/en\/wp-json\/wp\/v2\/pages"}],"about":[{"href":"https:\/\/mmkriepas.lv\/en\/wp-json\/wp\/v2\/types\/page"}],"author":[{"embeddable":true,"href":"https:\/\/mmkriepas.lv\/en\/wp-json\/wp\/v2\/users\/2"}],"replies":[{"embeddable":true,"href":"https:\/\/mmkriepas.lv\/en\/wp-json\/wp\/v2\/comments?post=1067376"}],"version-history":[{"count":4,"href":"https:\/\/mmkriepas.lv\/en\/wp-json\/wp\/v2\/pages\/1067376\/revisions"}],"predecessor-version":[{"id":1107954,"href":"https:\/\/mmkriepas.lv\/en\/wp-json\/wp\/v2\/pages\/1067376\/revisions\/1107954"}],"wp:attachment":[{"href":"https:\/\/mmkriepas.lv\/en\/wp-json\/wp\/v2\/media?parent=1067376"}],"curies":[{"name":"wp","href":"https:\/\/api.w.org\/{rel}","templated":true}]}}